{"id":2613,"date":"2018-09-05T12:07:15","date_gmt":"2018-09-05T10:07:15","guid":{"rendered":"https:\/\/www.olmiplast.ch\/?page_id=2613"},"modified":"2023-12-05T22:23:31","modified_gmt":"2023-12-05T21:23:31","slug":"datenschutzrichtlinie","status":"publish","type":"page","link":"https:\/\/www.olmiplast.ch\/de\/datenschutzrichtlinie\/","title":{"rendered":"Datenschutzrichtlinie"},"content":{"rendered":"<p>[vc_row][vc_column][vc_column_text]<\/p>\n<h1>Umgang mit Cookies &#8211; Datenschutzerkl\u00e4rung<\/h1>\n<p>Ihre Privatsph\u00e4re ist uns wichtig! Vielen Dank, dass Sie unsere Webseiten und Dienstleistungen nutzen. Genau wie Sie sind auch wir \u00fcberzeugt von der Wichtigkeit der Integrit\u00e4t der Person und nehmen Ihre Privatsph\u00e4re daher sehr ernst. Diese Datenschutzerkl\u00e4rung gilt f\u00fcr alle nat\u00fcrlichen Personen, welche ihre personenbezogenen Daten direkt oder indirekt mit OLMIPLAST teilen, indem sie unsere Webseiten besuchen oder unsere Dienstleistungen nutzen. OLMIPLAST ist ein in der Schweiz ans\u00e4ssiges Unternehmen und unterliegt daher dem Schweizer Datenschutzgesetz. Unser Sitz befindet sich in Route Andr\u00e9-Piller 21, 1762 GIVISIEZ &#8211; Schweiz. Ihre Fragen oder Besorgnisse in Sachen Datenschutz d\u00fcrfen Sie gerne an folgende Mailadresse richten: contact@olmiplast.ch. In dieser Datenschutzerkl\u00e4rung beschreiben wir die Arten der personenbezogenen Daten, die m\u00f6glicherweise verarbeitet werden, sowie die Zwecke der Datenverarbeitung. Wir erkl\u00e4ren auch, welche M\u00f6glichkeiten Ihnen in Bezug auf die Datenverarbeitung offenstehen und wie Sie mehr \u00fcber die Datenverarbeitung unsererseits und Ihre Rechte erfahren k\u00f6nnen.<\/p>\n<h2>G\u00dcLTIGKEITSBEREICH DER DATENSCHUTZERKL\u00c4RUNG<\/h2>\n<p>Bitte beachten Sie, dass sich diese Datenschutzerkl\u00e4rung auf die Verarbeitung personenbezogener Daten bezieht, f\u00fcr deren Verarbeitung OLMIPLAST verantwortlich ist und damit \u00fcber die Zwecke und Mittel der Verarbeitung entschieden hat. Um jegliche Unklarheit zu vermeiden, weisen wir darauf hin, dass diese Datenschutzerkl\u00e4rung sich nicht auf die Verarbeitung personenbezogener Daten bezieht, welche OLMIPLAST aufgrund der Nutzung unserer Dienstleistungen durch Sie als Subunternehmen durchf\u00fchrt. Weitere Informationen zur Art und Weise der Nutzung unserer Dienstleistungen f\u00fcr die Verarbeitung Ihrer personenbezogenen Daten, zu den Verantwortungen und Verpflichtungen von OLMIPLAST in diesem Zusammenhang \u00fcbernimmt, finden Sie in den geltenden Bedingungen.<\/p>\n<h2>VERARBEITETE PERSONENBEZOGENE DATEN<\/h2>\n<p>Als personenbezogene Daten werden Daten bezeichnet, welche Sie als nat\u00fcrliche Person identifizieren. M\u00f6glicherweise m\u00fcssen wir folgende Arten Sie betreffender personenbezogener Daten verarbeiten:<\/p>\n<ul>\n<li>Ihre Kontaktdaten, einschliesslich Ihres Namens, Ihrer Mailadresse oder Ihrer Telefonnummer<\/li>\n<li>Benutzerdaten, zum Beispiel, wenn Sie sich in unserem Dienst anmelden oder unsere Webseiten besuchen. Zu diesen Informationen geh\u00f6ren zum Beispiel Ihre IP-Adresse, die Art des Peripherieger\u00e4ts und der Browser, die Zeitzone, die geografische Lage sowie Ihre Interessen und Vorlieben, die Art und Weise, mit der Sie mit unseren Diensten interagieren, zum Beispiel welche Funktionen Sie nutzen und auf welche Tasten Sie klicken<\/li>\n<li>Weitere Informationen, die wir aus Ihren Kontaktdaten erhalten<\/li>\n<\/ul>\n<h2>VERARBEITUNGSZWECKE<\/h2>\n<p>Wir verarbeiten Ihre personenbezogenen Daten zu folgenden Zwecken:<\/p>\n<ul>\n<li>Erbringen unserer Leistungen gem\u00e4ss den geltenden Bedingungen<\/li>\n<li>Verwalten der Gesch\u00e4ftsbeziehung mit Ihnen und dem OLMIPLAST-Kunden, den Sie vertreten<\/li>\n<li>Entwicklung und Verbesserung unserer Dienstleistungen<\/li>\n<li>Zur Bereitstellung von Informationen \u00fcber unsere Dienstleistungen und Angeboten an aktuelle oder potenzielle OLMIPLAST-Kundschaft \u00fcber ausgew\u00e4hlte Drittparteien. Um jegliche Unklarheit zu vermeiden, weisen wir darauf hin, dass s\u00e4mtliche, Ihnen auf der Grundlage Ihrer personenbezogenen Daten zugesendeten Werbematerialien an Sie als Vertretung eines aktuellen oder potenziellen OLMIPLAST-Kunden zugestellt wird, nicht an Sie als Privatperson.<\/li>\n<\/ul>\n<h2>TEILEN MIT DRITTEN UND \u00dcBERTRAGUNG AN DRITTSTAATEN<\/h2>\n<p>Wir k\u00f6nnen personenbezogene Daten zu den oben genannten Zwecken mit Dritten teilen. Um jeglichen Zweifel aus dem Weg zu r\u00e4umen, betonen wir an dieser Stelle, dass wir mit Dritten keine personenbezogenen Daten zur Nutzung dieser personenbezogenen Daten zu direkten Marketingzwecken gegen\u00fcber Ihnen als Privatperson teilen, sondern ausschlieslich gegen\u00fcber Ihnen als Vertretung eines aktuellen oder potenziellen OLMIPLAST-Kunden. Wir k\u00f6nnen personenbezogene Daten in Staaten ausserhalb aus der Schweiz, m\u00fcssen dazu jedoch zun\u00e4chst Ihre Einwilligung einholen oder mithilfe anderer Massnahmen daf\u00fcr sorgen, dass die \u00dcbertragung legal und sicher erfolgt. Wie bereits erkl\u00e4rt, weisen wir erneut darauf hin, dass sich diese Datenschutzerkl\u00e4rung nicht auf die Verarbeitung von Daten bezieht, f\u00fcr Sie Sie infolge der Nutzung unserer Dienste verantwortlich sind. Sie oder die Partei, die Sie vertreten, sind immer verantwortlich f\u00fcr die Verarbeitung Ihrer personenbezogenen Daten gem\u00e4ss geltendem Gesetz.<\/p>\n<h2>IHRE RECHTE<\/h2>\n<p>Wir sind verpflichtet, genaue, sachdienliche und notwendige pers\u00f6nliche Angaben unter Ber\u00fccksichtigung unserer legitimen Ziele zu verarbeiten. Sie sind berechtigt, uns zu kontrollieren. Zur Aktualisierung der von uns verarbeiteten, Sie betreffenden personenbezogenen Daten wenden Sie sich bitte an contact@olmiplast.ch. Wenn Sie einen kostenlosen Auszug der von uns verarbeiteten, Sie betreffenden personenbezogenen Daten w\u00fcnschen, schreiben Sie uns an die Firmenanschrift von OLMIPLAST.[\/vc_column_text][\/vc_column][\/vc_row]<\/p>\n","protected":false},"excerpt":{"rendered":"<p>[vc_row][vc_column][vc_column_text] Umgang mit Cookies &#8211; Datenschutzerkl\u00e4rung Ihre Privatsph\u00e4re ist uns wichtig! Vielen Dank, dass Sie unsere Webseiten und Dienstleistungen nutzen. Genau wie Sie sind auch wir<span class=\"excerpt-hellip\"> [\u2026]<\/span><\/p>\n","protected":false},"author":1,"featured_media":0,"parent":0,"menu_order":0,"comment_status":"closed","ping_status":"closed","template":"","meta":{"footnotes":""},"class_list":["post-2613","page","type-page","status-publish","hentry"],"yoast_head":"<!-- This site is optimized with the Yoast SEO plugin v27.4 - https:\/\/yoast.com\/product\/yoast-seo-wordpress\/ -->\n<title>Datenschutzrichtlinie der Herstellerfirma f\u00fcr Kunststoffverpackungs Olmiplast<\/title>\n<meta name=\"description\" content=\"Lesen Sie die Datenschutzrichtlinie der Spezialfirma f\u00fcr personalisierte Kunststoffverpackungen Olmiplast.\" \/>\n<meta name=\"robots\" content=\"index, follow, max-snippet:-1, max-image-preview:large, max-video-preview:-1\" \/>\n<link rel=\"canonical\" href=\"https:\/\/www.olmiplast.ch\/de\/datenschutzrichtlinie\/\" \/>\n<meta property=\"og:locale\" content=\"de_DE\" \/>\n<meta property=\"og:type\" content=\"article\" \/>\n<meta property=\"og:title\" content=\"Datenschutzrichtlinie der Herstellerfirma f\u00fcr Kunststoffverpackungs Olmiplast\" \/>\n<meta property=\"og:description\" content=\"Lesen Sie die Datenschutzrichtlinie der Spezialfirma f\u00fcr personalisierte Kunststoffverpackungen Olmiplast.\" \/>\n<meta property=\"og:url\" content=\"https:\/\/www.olmiplast.ch\/de\/datenschutzrichtlinie\/\" \/>\n<meta property=\"og:site_name\" content=\"Olmiplast\" \/>\n<meta property=\"article:modified_time\" content=\"2023-12-05T21:23:31+00:00\" \/>\n<meta name=\"twitter:card\" content=\"summary_large_image\" \/>\n<meta name=\"twitter:label1\" content=\"Gesch\u00e4tzte Lesezeit\" \/>\n\t<meta name=\"twitter:data1\" content=\"4\u00a0Minuten\" \/>\n<script type=\"application\/ld+json\" class=\"yoast-schema-graph\">{\"@context\":\"https:\\\/\\\/schema.org\",\"@graph\":[{\"@type\":\"WebPage\",\"@id\":\"https:\\\/\\\/www.olmiplast.ch\\\/de\\\/datenschutzrichtlinie\\\/\",\"url\":\"https:\\\/\\\/www.olmiplast.ch\\\/de\\\/datenschutzrichtlinie\\\/\",\"name\":\"Datenschutzrichtlinie der Herstellerfirma f\u00fcr Kunststoffverpackungs Olmiplast\",\"isPartOf\":{\"@id\":\"https:\\\/\\\/www.olmiplast.ch\\\/de\\\/#website\"},\"datePublished\":\"2018-09-05T10:07:15+00:00\",\"dateModified\":\"2023-12-05T21:23:31+00:00\",\"description\":\"Lesen Sie die Datenschutzrichtlinie der Spezialfirma f\u00fcr personalisierte Kunststoffverpackungen Olmiplast.\",\"inLanguage\":\"de-CH\",\"potentialAction\":[{\"@type\":\"ReadAction\",\"target\":[\"https:\\\/\\\/www.olmiplast.ch\\\/de\\\/datenschutzrichtlinie\\\/\"]}]},{\"@type\":\"WebSite\",\"@id\":\"https:\\\/\\\/www.olmiplast.ch\\\/de\\\/#website\",\"url\":\"https:\\\/\\\/www.olmiplast.ch\\\/de\\\/\",\"name\":\"Olmiplast\",\"description\":\"Fourre plastique, pochette et article de classement plastique\",\"publisher\":{\"@id\":\"https:\\\/\\\/www.olmiplast.ch\\\/de\\\/#organization\"},\"potentialAction\":[{\"@type\":\"SearchAction\",\"target\":{\"@type\":\"EntryPoint\",\"urlTemplate\":\"https:\\\/\\\/www.olmiplast.ch\\\/de\\\/?s={search_term_string}\"},\"query-input\":{\"@type\":\"PropertyValueSpecification\",\"valueRequired\":true,\"valueName\":\"search_term_string\"}}],\"inLanguage\":\"de-CH\"},{\"@type\":\"Organization\",\"@id\":\"https:\\\/\\\/www.olmiplast.ch\\\/de\\\/#organization\",\"name\":\"Olmiplast\",\"url\":\"https:\\\/\\\/www.olmiplast.ch\\\/de\\\/\",\"logo\":{\"@type\":\"ImageObject\",\"inLanguage\":\"de-CH\",\"@id\":\"https:\\\/\\\/www.olmiplast.ch\\\/de\\\/#\\\/schema\\\/logo\\\/image\\\/\",\"url\":\"https:\\\/\\\/www.olmiplast.ch\\\/wp-content\\\/uploads\\\/2018\\\/06\\\/fabricant-emballage-plastique-souple-rigide.png\",\"contentUrl\":\"https:\\\/\\\/www.olmiplast.ch\\\/wp-content\\\/uploads\\\/2018\\\/06\\\/fabricant-emballage-plastique-souple-rigide.png\",\"width\":207,\"height\":147,\"caption\":\"Olmiplast\"},\"image\":{\"@id\":\"https:\\\/\\\/www.olmiplast.ch\\\/de\\\/#\\\/schema\\\/logo\\\/image\\\/\"}}]}<\/script>\n<!-- \/ Yoast SEO plugin. -->","yoast_head_json":{"title":"Datenschutzrichtlinie der Herstellerfirma f\u00fcr Kunststoffverpackungs Olmiplast","description":"Lesen Sie die Datenschutzrichtlinie der Spezialfirma f\u00fcr personalisierte Kunststoffverpackungen Olmiplast.","robots":{"index":"index","follow":"follow","max-snippet":"max-snippet:-1","max-image-preview":"max-image-preview:large","max-video-preview":"max-video-preview:-1"},"canonical":"https:\/\/www.olmiplast.ch\/de\/datenschutzrichtlinie\/","og_locale":"de_DE","og_type":"article","og_title":"Datenschutzrichtlinie der Herstellerfirma f\u00fcr Kunststoffverpackungs Olmiplast","og_description":"Lesen Sie die Datenschutzrichtlinie der Spezialfirma f\u00fcr personalisierte Kunststoffverpackungen Olmiplast.","og_url":"https:\/\/www.olmiplast.ch\/de\/datenschutzrichtlinie\/","og_site_name":"Olmiplast","article_modified_time":"2023-12-05T21:23:31+00:00","twitter_card":"summary_large_image","twitter_misc":{"Gesch\u00e4tzte Lesezeit":"4\u00a0Minuten"},"schema":{"@context":"https:\/\/schema.org","@graph":[{"@type":"WebPage","@id":"https:\/\/www.olmiplast.ch\/de\/datenschutzrichtlinie\/","url":"https:\/\/www.olmiplast.ch\/de\/datenschutzrichtlinie\/","name":"Datenschutzrichtlinie der Herstellerfirma f\u00fcr Kunststoffverpackungs Olmiplast","isPartOf":{"@id":"https:\/\/www.olmiplast.ch\/de\/#website"},"datePublished":"2018-09-05T10:07:15+00:00","dateModified":"2023-12-05T21:23:31+00:00","description":"Lesen Sie die Datenschutzrichtlinie der Spezialfirma f\u00fcr personalisierte Kunststoffverpackungen Olmiplast.","inLanguage":"de-CH","potentialAction":[{"@type":"ReadAction","target":["https:\/\/www.olmiplast.ch\/de\/datenschutzrichtlinie\/"]}]},{"@type":"WebSite","@id":"https:\/\/www.olmiplast.ch\/de\/#website","url":"https:\/\/www.olmiplast.ch\/de\/","name":"Olmiplast","description":"Fourre plastique, pochette et article de classement plastique","publisher":{"@id":"https:\/\/www.olmiplast.ch\/de\/#organization"},"potentialAction":[{"@type":"SearchAction","target":{"@type":"EntryPoint","urlTemplate":"https:\/\/www.olmiplast.ch\/de\/?s={search_term_string}"},"query-input":{"@type":"PropertyValueSpecification","valueRequired":true,"valueName":"search_term_string"}}],"inLanguage":"de-CH"},{"@type":"Organization","@id":"https:\/\/www.olmiplast.ch\/de\/#organization","name":"Olmiplast","url":"https:\/\/www.olmiplast.ch\/de\/","logo":{"@type":"ImageObject","inLanguage":"de-CH","@id":"https:\/\/www.olmiplast.ch\/de\/#\/schema\/logo\/image\/","url":"https:\/\/www.olmiplast.ch\/wp-content\/uploads\/2018\/06\/fabricant-emballage-plastique-souple-rigide.png","contentUrl":"https:\/\/www.olmiplast.ch\/wp-content\/uploads\/2018\/06\/fabricant-emballage-plastique-souple-rigide.png","width":207,"height":147,"caption":"Olmiplast"},"image":{"@id":"https:\/\/www.olmiplast.ch\/de\/#\/schema\/logo\/image\/"}}]}},"_links":{"self":[{"href":"https:\/\/www.olmiplast.ch\/de\/wp-json\/wp\/v2\/pages\/2613","targetHints":{"allow":["GET"]}}],"collection":[{"href":"https:\/\/www.olmiplast.ch\/de\/wp-json\/wp\/v2\/pages"}],"about":[{"href":"https:\/\/www.olmiplast.ch\/de\/wp-json\/wp\/v2\/types\/page"}],"author":[{"embeddable":true,"href":"https:\/\/www.olmiplast.ch\/de\/wp-json\/wp\/v2\/users\/1"}],"replies":[{"embeddable":true,"href":"https:\/\/www.olmiplast.ch\/de\/wp-json\/wp\/v2\/comments?post=2613"}],"version-history":[{"count":2,"href":"https:\/\/www.olmiplast.ch\/de\/wp-json\/wp\/v2\/pages\/2613\/revisions"}],"predecessor-version":[{"id":2616,"href":"https:\/\/www.olmiplast.ch\/de\/wp-json\/wp\/v2\/pages\/2613\/revisions\/2616"}],"wp:attachment":[{"href":"https:\/\/www.olmiplast.ch\/de\/wp-json\/wp\/v2\/media?parent=2613"}],"curies":[{"name":"wp","href":"https:\/\/api.w.org\/{rel}","templated":true}]}}