{"id":2549,"date":"2018-03-29T12:40:50","date_gmt":"2018-03-29T10:40:50","guid":{"rendered":"https:\/\/www.olmiplast.ch\/?page_id=2549"},"modified":"2023-12-07T11:40:31","modified_gmt":"2023-12-07T10:40:31","slug":"kontakt","status":"publish","type":"page","link":"https:\/\/www.olmiplast.ch\/de\/kontakt\/","title":{"rendered":"Kontakt"},"content":{"rendered":"<p>[vc_row full_width=&#187;stretch_row&#187; css=&#187;.vc_custom_1637661297514{padding-top: 20px !important;padding-bottom: 20px !important;background-image: url(https:\/\/www.olmiplast.ch\/wp-content\/uploads\/2021\/11\/mail-2.png?id=1142) !important;background-position: center !important;background-repeat: no-repeat !important;background-size: cover !important;}&#187;][vc_column][vc_separator color=&#187;black&#187; border_width=&#187;2&#8243; el_width=&#187;60&#8243; css_animation=&#187;zoomIn&#187;][vc_row_inner content_placement=&#187;middle&#187;][vc_column_inner width=&#187;1\/3&#8243; css=&#187;.vc_custom_1637329347730{margin-top: 0px !important;margin-bottom: 0px !important;padding-top: 0px !important;padding-bottom: 0px !important;}&#187;][vc_single_image image=&#187;1141&#8243; img_size=&#187;full&#187; alignment=&#187;right&#187; css=&#187;.vc_custom_1637661397799{margin-top: 0px !important;margin-bottom: 0px !important;padding-top: 0px !important;padding-bottom: 0px !important;}&#187;][\/vc_column_inner][vc_column_inner width=&#187;1\/3&#8243; css=&#187;.vc_custom_1637329354835{margin-top: 0px !important;margin-bottom: 0px !important;padding-top: 0px !important;padding-bottom: 0px !important;}&#187;][vc_column_text css=&#187;.vc_custom_1637661368787{margin-top: 0px !important;margin-bottom: 0px !important;padding-top: 0px !important;padding-bottom: 0px !important;}&#187;]<\/p>\n<h2 style=\"text-align: center;\">KONTAKT<\/h2>\n<p>[\/vc_column_text][\/vc_column_inner][vc_column_inner width=&#187;1\/3&#8243;][\/vc_column_inner][\/vc_row_inner][vc_separator color=&#187;black&#187; border_width=&#187;2&#8243; el_width=&#187;60&#8243; css_animation=&#187;zoomIn&#187;][\/vc_column][\/vc_row][vc_row][vc_column width=&#187;1\/2&#8243;]\n<div class=\"wpcf7 no-js\" id=\"wpcf7-f2993-o1\" lang=\"de-CH\" dir=\"ltr\" data-wpcf7-id=\"2993\">\n<div class=\"screen-reader-response\"><p role=\"status\" aria-live=\"polite\" aria-atomic=\"true\"><\/p> <ul><\/ul><\/div>\n<form action=\"\/de\/wp-json\/wp\/v2\/pages\/2549#wpcf7-f2993-o1\" method=\"post\" class=\"wpcf7-form init wpcf7-acceptance-as-validation\" aria-label=\"Contact form\" enctype=\"multipart\/form-data\" novalidate=\"novalidate\" data-status=\"init\">\n<fieldset class=\"hidden-fields-container\"><input type=\"hidden\" name=\"_wpcf7\" value=\"2993\" \/><input type=\"hidden\" name=\"_wpcf7_version\" value=\"6.1.5\" \/><input type=\"hidden\" name=\"_wpcf7_locale\" value=\"de_CH\" \/><input type=\"hidden\" name=\"_wpcf7_unit_tag\" value=\"wpcf7-f2993-o1\" \/><input type=\"hidden\" name=\"_wpcf7_container_post\" value=\"0\" \/><input type=\"hidden\" name=\"_wpcf7_posted_data_hash\" value=\"\" \/><input type=\"hidden\" name=\"_wpcf7cf_hidden_group_fields\" value=\"[]\" \/><input type=\"hidden\" name=\"_wpcf7cf_hidden_groups\" value=\"[]\" \/><input type=\"hidden\" name=\"_wpcf7cf_visible_groups\" value=\"[]\" \/><input type=\"hidden\" name=\"_wpcf7cf_repeaters\" value=\"[]\" \/><input type=\"hidden\" name=\"_wpcf7cf_steps\" value=\"{}\" \/><input type=\"hidden\" name=\"_wpcf7cf_options\" value=\"{&quot;form_id&quot;:2993,&quot;conditions&quot;:[{&quot;then_field&quot;:&quot;group-autre&quot;,&quot;and_rules&quot;:[{&quot;if_field&quot;:&quot;menu-pays&quot;,&quot;operator&quot;:&quot;equals&quot;,&quot;if_value&quot;:&quot;Andere&quot;}]}],&quot;settings&quot;:{&quot;animation&quot;:&quot;yes&quot;,&quot;animation_intime&quot;:200,&quot;animation_outtime&quot;:200,&quot;conditions_ui&quot;:&quot;normal&quot;,&quot;notice_dismissed&quot;:false,&quot;repeater_remove_button&quot;:&quot;bottom&quot;,&quot;notice_dismissed_rollback-cf7-5.6&quot;:true,&quot;notice_dismissed_update-cf7-6.1.2&quot;:true}}\" \/>\n<\/fieldset>\n<p><label> Land*<br \/>\n<span class=\"wpcf7-form-control-wrap\" data-name=\"menu-pays\"><select class=\"wpcf7-form-control wpcf7-select\" aria-invalid=\"false\" name=\"menu-pays\"><option value=\"\">&#8211; Bitte ausw\u00e4hlen &#8211;<\/option><option value=\"Schweiz\">Schweiz<\/option><option value=\"Frankreich\">Frankreich<\/option><option value=\"Andere\">Andere<\/option><\/select><\/span> <\/label>\n<\/p>\n<div data-id=\"group-autre\" data-orig_data_id=\"group-autre\"  class=\"\" data-class=\"wpcf7cf_group\">\n\t<p><label> Geben Sie an<br \/>\n<span class=\"wpcf7-form-control-wrap\" data-name=\"text-precisez\"><input size=\"40\" maxlength=\"400\" class=\"wpcf7-form-control wpcf7-text\" aria-invalid=\"false\" value=\"\" type=\"text\" name=\"text-precisez\" \/><\/span><\/label>\n\t<\/p>\n<\/div>\n<p><label> Name*<br \/>\n<span class=\"wpcf7-form-control-wrap\" data-name=\"your-name\"><input size=\"40\" maxlength=\"400\" class=\"wpcf7-form-control wpcf7-text wpcf7-validates-as-required\" aria-required=\"true\" aria-invalid=\"false\" value=\"\" type=\"text\" name=\"your-name\" \/><\/span> <\/label>\n<\/p>\n<p><label> Unternehmen*<br \/>\n<span class=\"wpcf7-form-control-wrap\" data-name=\"your-company\"><input size=\"40\" maxlength=\"400\" class=\"wpcf7-form-control wpcf7-text wpcf7-validates-as-required\" aria-required=\"true\" aria-invalid=\"false\" value=\"\" type=\"text\" name=\"your-company\" \/><\/span> <\/label>\n<\/p>\n<p><label> E-Mail*<br \/>\n<span class=\"wpcf7-form-control-wrap\" data-name=\"your-email\"><input size=\"40\" maxlength=\"400\" class=\"wpcf7-form-control wpcf7-email wpcf7-validates-as-required wpcf7-text wpcf7-validates-as-email\" aria-required=\"true\" aria-invalid=\"false\" value=\"\" type=\"email\" name=\"your-email\" \/><\/span> <\/label>\n<\/p>\n<p><label> Telefon*<br \/>\n<span class=\"wpcf7-form-control-wrap\" data-name=\"tel-345\"><input size=\"40\" maxlength=\"400\" class=\"wpcf7-form-control wpcf7-tel wpcf7-text wpcf7-validates-as-tel\" aria-invalid=\"false\" value=\"\" type=\"tel\" name=\"tel-345\" \/><\/span> <\/label>\n<\/p>\n<p><label> Nachricht<br \/>\n<span class=\"wpcf7-form-control-wrap\" data-name=\"your-message\"><textarea cols=\"40\" rows=\"10\" maxlength=\"2000\" class=\"wpcf7-form-control wpcf7-textarea\" aria-invalid=\"false\" name=\"your-message\"><\/textarea><\/span> <\/label>\n<\/p>\n<p><label> Wie haben Sie uns kennengelernt? *<br \/>\n<span class=\"wpcf7-form-control-wrap\" data-name=\"source\"><select class=\"wpcf7-form-control wpcf7-select wpcf7-validates-as-required\" aria-required=\"true\" aria-invalid=\"false\" name=\"source\"><option value=\"\">&#8211; Bitte ausw\u00e4hlen &#8211;<\/option><option value=\"Google-Suche\">Google-Suche<\/option><option value=\"Fachmesse\">Fachmesse<\/option><option value=\"Mund-zu-Mund-Propaganda\">Mund-zu-Mund-Propaganda<\/option><option value=\"Newsletter\">Newsletter<\/option><option value=\"Soziale Netzwerke\">Soziale Netzwerke<\/option><\/select><\/span><\/label>\n<\/p>\n<p>Dateien anh\u00e4ngen (max. 2Mb - jpg, gif, png, .doc, .pdf) :<br \/>\n<div id=\"mfcf7_zl_multifilecontainer\"><span class=\"mfcf7-zl-multiline-sample\" style=\"display:none\"><p class=\"wpcf7-form-control-wrap multilinefile-32\"><input size=\"40\" class=\"wpcf7-form-control wpcf7-multilinefile\" multiple=\"multiple\" value=\"Dateien anh\u00e4ngen\" aria-invalid=\"false\" type=\"file\" name=\"multilinefile-32[]\" \/> <span class=\"mfcf7-zl-multifile-name\"><\/span><a href=\"javascript:void(0);\" class=\"mfcf7_zl_delete_file\"><span class=\"delete-file\" aria-hidden=\"true\">&#x274C;<\/span><\/a><\/p><\/span><\/div><span class=\"wpcf7-form-control-wrap zl-form-control-wrap multilinefile-32\"><input size=\"40\" class=\"wpcf7-form-control wpcf7-multilinefile\" multiple=\"multiple\" value=\"Dateien anh\u00e4ngen\" aria-invalid=\"false\" type=\"file\" name=\"multilinefile-32[]\" \/> <span class=\"mfcf7-zl-multifile-name\"><\/span><a href=\"javascript:void(0);\" class=\"mfcf7_zl_delete_file\"><span class=\"delete-file\" aria-hidden=\"true\">&#x274C;<\/span><\/a><\/span><p><label><span class=\"wpcf7-form-control-wrap\" data-name=\"multilinefile-32-zl-mfcf7-upld-btn\"><input type=\"button\" name=\"multilinefile-32-zl-mfcf7-upld-btn\" class=\"button button-primary qbutton\" id=\"mfcf7_zl_add_file\" value=\"Dateien anh\u00e4ngen\"><\/span><\/label><\/p>\n<\/p>\n<p><span class=\"wpcf7-form-control-wrap\" data-name=\"capital-quiz\"><label><span class=\"wpcf7-quiz-label\">Sicherheitsfrage: Was ist gr\u00f6\u00dfer, 1 oder 7?<\/span> <input size=\"40\" class=\"wpcf7-form-control wpcf7-quiz\" autocomplete=\"off\" aria-required=\"true\" aria-invalid=\"false\" type=\"text\" name=\"capital-quiz\" \/><\/label><input type=\"hidden\" name=\"_wpcf7_quiz_answer_capital-quiz\" value=\"a4d7d190ea6e85c604fc2ac166168dbc\" \/><\/span><br \/>\n<span class=\"wpcf7-form-control-wrap\" data-name=\"your-consent\"><span class=\"wpcf7-form-control wpcf7-acceptance\"><span class=\"wpcf7-list-item\"><label><input type=\"checkbox\" name=\"your-consent\" value=\"1\" aria-invalid=\"false\" \/><span class=\"wpcf7-list-item-label\">Durch die Nutzung dieses Formulars stimme ich der Speicherung und Bearbeitung meiner Daten durch diese Website zu.<\/span><\/label><\/span><\/span><\/span>\n<\/p>\n<p><input class=\"wpcf7-form-control wpcf7-submit has-spinner\" type=\"submit\" value=\"Senden Sie\" \/>\n<\/p><div class=\"wpcf7-response-output\" aria-hidden=\"true\"><\/div>\n<\/form>\n<\/div>\n[\/vc_column][vc_column width=&#187;1\/2&#8243;][vc_column_text css=&#187;.vc_custom_1637661430789{margin-top: 0px !important;margin-bottom: 0px !important;padding-top: 0px !important;padding-bottom: 0px !important;}&#187;]<\/p>\n<h3>Kontaktdaten<\/h3>\n<p>[\/vc_column_text][vc_raw_html]JTNDZGl2JTIwY2xhc3MlM0QlMjJnZXRfaW5fdG91Y2glMjIlM0UlMjAlMjAlMjAlMjAlM0NkaXYlMjBjbGFzcyUzRCUyMmdldF9pbl90b3VjaF93cmFwcGVyJTIyJTNFJTIwJTIwJTIwJTIwJTIwJTIwJTIwJTIwJTNDdWwlM0UlMjAlMjAlMjAlMjAlMjAlMjAlMjAlMjAlMjAlMjAlMjAlMjAlM0NsaSUyMGNsYXNzJTNEJTIyb2xtaSUyMiUzRSUzQ3NwYW4lMjBjbGFzcyUzRCUyMmljb24lMjIlM0UlM0NpJTIwY2xhc3MlM0QlMjIlMjIlM0UlM0MlMkZpJTNFJTNDJTJGc3BhbiUzRSUzQ3NwYW4lMjBjbGFzcyUzRCUyMmFkZHJlc3Nfd3JhcHBlciUyMiUzRU9MTUlQTEFTVCUyMEdtYkglM0MlMkZzcGFuJTNFJTNDJTJGbGklM0UlMjAlMjAlMjAlMjAlMjAlMjAlMjAlMjAlMjAlMjAlMjAlMjAlM0NsaSUyMGNsYXNzJTNEJTIyYWRkcmVzcyUyMiUzRSUzQ3NwYW4lMjBjbGFzcyUzRCUyMmljb24lMjIlM0UlM0NpJTIwY2xhc3MlM0QlMjJpY29uLWxvY2F0aW9uJTIyJTNFJTNDJTJGaSUzRSUzQyUyRnNwYW4lM0UlM0NzcGFuJTIwY2xhc3MlM0QlMjJhZGRyZXNzX3dyYXBwZXIlMjIlM0VSb3V0ZSUyMEFuZHIlQzMlQTktUGlsbGVyJTIwMjElMkMlM0NiciUzRSUwQTE3NjIlMjBHSVZJU0lFWiUyQyUzQ2JyJTNFJTIwJTIwJTIwJTIwJTIwJTIwJTIwJTIwJTIwJTIwJTIwJTIwJTIwJTIwJTIwJTIwJTIwJTIwJTIwJTIwU2Nod2VpeiUzQyUyRnNwYW4lM0UlM0MlMkZsaSUzRSUyMCUyMCUyMCUyMCUyMCUyMCUyMCUyMCUyMCUyMCUyMCUyMCUzQ2xpJTIwY2xhc3MlM0QlMjJwaG9uZSUyMHBob25lLTElMjIlM0UlM0NzcGFuJTIwY2xhc3MlM0QlMjJpY29uJTIyJTNFJTNDaSUyMGNsYXNzJTNEJTIyaWNvbi1waG9uZSUyMiUzRSUzQyUyRmklM0UlM0MlMkZzcGFuJTNFJTIwJTIwJTIwJTIwJTIwJTIwJTIwJTIwJTIwJTIwJTIwJTIwJTIwJTIwJTIwJTIwJTNDYSUyMGhyZWYlM0QlMjJ0ZWwlM0ElMkI0MTI2NTE5MDI4MCUyMiUyMG9uY2xpY2slM0QlMjJfcGFxLnB1c2glMjglNUIlMjd0cmFja0xpbmslMjclMkMlMjAlMjdodHRwcyUzQSUyRiUyRnd3dy5vbG1pcGxhc3QuY2glMkZjbGljLXRlbCUyRmRlJTI3JTJDJTIwJTI3bGluayUyNyU1RCUyOSUzQiUyMiUzRSUyQjQxJTIwMjYlMjA1MTklMjAwMiUyMDgwJTNDJTJGYSUzRSUzQyUyRnAlM0UlMjAlMjAlMjAlMjAlMjAlMjAlMjAlMjAlMjAlMjAlMjAlMjAlM0MlMkZsaSUzRSUyMCUyMCUyMCUyMCUyMCUyMCUyMCUyMCUyMCUyMCUyMCUyMCUzQ2xpJTIwY2xhc3MlM0QlMjJtYWlsJTIyJTNFJTNDc3BhbiUyMGNsYXNzJTNEJTIyaWNvbiUyMiUzRSUzQ2klMjBjbGFzcyUzRCUyMmljb24tbWFpbCUyMiUzRSUzQyUyRmklM0UlM0MlMkZzcGFuJTNFJTIwJTIwJTIwJTIwJTIwJTIwJTIwJTIwJTIwJTIwJTIwJTIwJTIwJTIwJTIwJTIwJTNDcCUzRSUzQ2ElMjBocmVmJTNEJTIybWFpbHRvJTNBY29udGFjdCU0MG9sbWlwbGFzdC5jaCUyMiUyMG9uY2xpY2slM0QlMjJfcGFxLnB1c2glMjglNUIlMjd0cmFja0xpbmslMjclMkMlMjAlMjdodHRwcyUzQSUyRiUyRnd3dy5vbG1pcGxhc3QuY2glMkZlbnZvaS1lbWFpbCUyRnBhZ2UtY29udGFjdCUyRmRlJTI3JTJDJTIwJTI3bGluayUyNyU1RCUyOSUzQiUyMiUzRWNvbnRhY3QlNDBvbG1pcGxhc3QuY2glM0MlMkZhJTNFJTNDJTJGcCUzRSUyMCUyMCUyMCUyMCUyMCUyMCUyMCUyMCUyMCUyMCUyMCUyMCUzQyUyRmxpJTNFJTIwJTIwJTIwJTIwJTIwJTIwJTIwJTIwJTNDJTJGdWwlM0UlMjAlMjAlMjAlMjAlM0MlMkZkaXYlM0UlM0MlMkZkaXYlM0U=[\/vc_raw_html][vc_gmaps link=&#187;#E-8_JTNDaWZyYW1lJTIwc3JjJTNEJTIyaHR0cHMlM0ElMkYlMkZ3d3cuZ29vZ2xlLmNvbSUyRm1hcHMlMkZlbWJlZCUzRnBiJTNEJTIxMW0xOCUyMTFtMTIlMjExbTMlMjExZDI3MzAuNjAwNTc1NzQ0ODI3NCUyMTJkNy4xMjA1MDE0JTIxM2Q0Ni44MTIxNzM0JTIxMm0zJTIxMWYwJTIxMmYwJTIxM2YwJTIxM20yJTIxMWkxMDI0JTIxMmk3NjglMjE0ZjEzLjElMjEzbTMlMjExbTIlMjExczB4NDc4ZTZlZWVhZDc2MTYyZCUyNTNBMHgyZDNjMGVjNjE4NjkyODU2JTIxMnNSdGUlMjUyMEFuZHIlMjVDMyUyNUE5JTI1MjBQaWxsZXIlMjUyMDIxJTI1MkMlMjUyMDE3NjIlMjUyMEdpdmlzaWV6JTIxNWUwJTIxM20yJTIxMXNkZSUyMTJzY2glMjE0djE3MDE4MDIzNjczODElMjE1bTIlMjExc2RlJTIxMnNjaCUyMiUyMHdpZHRoJTNEJTIyNjAwJTIyJTIwaGVpZ2h0JTNEJTIyNDUwJTIyJTIwc3R5bGUlM0QlMjJib3JkZXIlM0EwJTNCJTIyJTIwYWxsb3dmdWxsc2NyZWVuJTNEJTIyJTIyJTIwbG9hZGluZyUzRCUyMmxhenklMjIlMjByZWZlcnJlcnBvbGljeSUzRCUyMm5vLXJlZmVycmVyLXdoZW4tZG93bmdyYWRlJTIyJTNFJTNDJTJGaWZyYW1lJTNF&#187;][\/vc_column][\/vc_row]<\/p>\n","protected":false},"excerpt":{"rendered":"<p>[vc_row full_width=&#187;stretch_row&#187; css=&#187;.vc_custom_1637661297514{padding-top: 20px !important;padding-bottom: 20px !important;background-image: url(https:\/\/www.olmiplast.ch\/wp-content\/uploads\/2021\/11\/mail-2.png?id=1142) !important;background-position: center !important;background-repeat: no-repeat !important;background-size: cover !important;}&#187;][vc_column][vc_separator color=&#187;black&#187; border_width=&#187;2&#8243; el_width=&#187;60&#8243; css_animation=&#187;zoomIn&#187;][vc_row_inner content_placement=&#187;middle&#187;][vc_column_inner width=&#187;1\/3&#8243; css=&#187;.vc_custom_1637329347730{margin-top: 0px !important;margin-bottom: 0px !important;padding-top:<span class=\"excerpt-hellip\"> [\u2026]<\/span><\/p>\n","protected":false},"author":1,"featured_media":0,"parent":0,"menu_order":0,"comment_status":"closed","ping_status":"closed","template":"","meta":{"footnotes":""},"class_list":["post-2549","page","type-page","status-publish","hentry"],"yoast_head":"<!-- This site is optimized with the Yoast SEO plugin v27.5 - https:\/\/yoast.com\/product\/yoast-seo-wordpress\/ -->\n<title>Kostenvoranschlag f\u00fcr die Herstellung von Kunststoffh\u00fcllen, Verpackungen und Verpackungsmaterial<\/title>\n<meta name=\"description\" content=\"Kontaktieren sie uns auf +41 26 519 02 08 oder \u00fcber unser Kontaktformular f\u00fcr einen Kostenvoranschlag f\u00fcr Verpackungen oder massgefertigte Kunststofftr\u00e4ger.\" \/>\n<meta name=\"robots\" content=\"index, follow, max-snippet:-1, max-image-preview:large, max-video-preview:-1\" \/>\n<link rel=\"canonical\" href=\"https:\/\/www.olmiplast.ch\/de\/kontakt\/\" \/>\n<meta property=\"og:locale\" content=\"de_DE\" \/>\n<meta property=\"og:type\" content=\"article\" \/>\n<meta property=\"og:title\" content=\"Kostenvoranschlag f\u00fcr die Herstellung von Kunststoffh\u00fcllen, Verpackungen und Verpackungsmaterial\" \/>\n<meta property=\"og:description\" content=\"Kontaktieren sie uns auf +41 26 519 02 08 oder \u00fcber unser Kontaktformular f\u00fcr einen Kostenvoranschlag f\u00fcr Verpackungen oder massgefertigte Kunststofftr\u00e4ger.\" \/>\n<meta property=\"og:url\" content=\"https:\/\/www.olmiplast.ch\/de\/kontakt\/\" \/>\n<meta property=\"og:site_name\" content=\"Olmiplast\" \/>\n<meta property=\"article:modified_time\" content=\"2023-12-07T10:40:31+00:00\" \/>\n<meta name=\"twitter:card\" content=\"summary_large_image\" \/>\n<meta name=\"twitter:label1\" content=\"Gesch\u00e4tzte Lesezeit\" \/>\n\t<meta name=\"twitter:data1\" content=\"2\u00a0Minuten\" \/>\n<script type=\"application\/ld+json\" class=\"yoast-schema-graph\">{\"@context\":\"https:\\\/\\\/schema.org\",\"@graph\":[{\"@type\":\"WebPage\",\"@id\":\"https:\\\/\\\/www.olmiplast.ch\\\/de\\\/kontakt\\\/\",\"url\":\"https:\\\/\\\/www.olmiplast.ch\\\/de\\\/kontakt\\\/\",\"name\":\"Kostenvoranschlag f\u00fcr die Herstellung von Kunststoffh\u00fcllen, Verpackungen und Verpackungsmaterial\",\"isPartOf\":{\"@id\":\"https:\\\/\\\/www.olmiplast.ch\\\/de\\\/#website\"},\"datePublished\":\"2018-03-29T10:40:50+00:00\",\"dateModified\":\"2023-12-07T10:40:31+00:00\",\"description\":\"Kontaktieren sie uns auf +41 26 519 02 08 oder \u00fcber unser Kontaktformular f\u00fcr einen Kostenvoranschlag f\u00fcr Verpackungen oder massgefertigte Kunststofftr\u00e4ger.\",\"inLanguage\":\"de-CH\",\"potentialAction\":[{\"@type\":\"ReadAction\",\"target\":[\"https:\\\/\\\/www.olmiplast.ch\\\/de\\\/kontakt\\\/\"]}]},{\"@type\":\"WebSite\",\"@id\":\"https:\\\/\\\/www.olmiplast.ch\\\/de\\\/#website\",\"url\":\"https:\\\/\\\/www.olmiplast.ch\\\/de\\\/\",\"name\":\"Olmiplast\",\"description\":\"Fourre plastique, pochette et article de classement plastique\",\"publisher\":{\"@id\":\"https:\\\/\\\/www.olmiplast.ch\\\/de\\\/#organization\"},\"potentialAction\":[{\"@type\":\"SearchAction\",\"target\":{\"@type\":\"EntryPoint\",\"urlTemplate\":\"https:\\\/\\\/www.olmiplast.ch\\\/de\\\/?s={search_term_string}\"},\"query-input\":{\"@type\":\"PropertyValueSpecification\",\"valueRequired\":true,\"valueName\":\"search_term_string\"}}],\"inLanguage\":\"de-CH\"},{\"@type\":\"Organization\",\"@id\":\"https:\\\/\\\/www.olmiplast.ch\\\/de\\\/#organization\",\"name\":\"Olmiplast\",\"url\":\"https:\\\/\\\/www.olmiplast.ch\\\/de\\\/\",\"logo\":{\"@type\":\"ImageObject\",\"inLanguage\":\"de-CH\",\"@id\":\"https:\\\/\\\/www.olmiplast.ch\\\/de\\\/#\\\/schema\\\/logo\\\/image\\\/\",\"url\":\"https:\\\/\\\/www.olmiplast.ch\\\/wp-content\\\/uploads\\\/2018\\\/06\\\/fabricant-emballage-plastique-souple-rigide.png\",\"contentUrl\":\"https:\\\/\\\/www.olmiplast.ch\\\/wp-content\\\/uploads\\\/2018\\\/06\\\/fabricant-emballage-plastique-souple-rigide.png\",\"width\":207,\"height\":147,\"caption\":\"Olmiplast\"},\"image\":{\"@id\":\"https:\\\/\\\/www.olmiplast.ch\\\/de\\\/#\\\/schema\\\/logo\\\/image\\\/\"}}]}<\/script>\n<!-- \/ Yoast SEO plugin. -->","yoast_head_json":{"title":"Kostenvoranschlag f\u00fcr die Herstellung von Kunststoffh\u00fcllen, Verpackungen und Verpackungsmaterial","description":"Kontaktieren sie uns auf +41 26 519 02 08 oder \u00fcber unser Kontaktformular f\u00fcr einen Kostenvoranschlag f\u00fcr Verpackungen oder massgefertigte Kunststofftr\u00e4ger.","robots":{"index":"index","follow":"follow","max-snippet":"max-snippet:-1","max-image-preview":"max-image-preview:large","max-video-preview":"max-video-preview:-1"},"canonical":"https:\/\/www.olmiplast.ch\/de\/kontakt\/","og_locale":"de_DE","og_type":"article","og_title":"Kostenvoranschlag f\u00fcr die Herstellung von Kunststoffh\u00fcllen, Verpackungen und Verpackungsmaterial","og_description":"Kontaktieren sie uns auf +41 26 519 02 08 oder \u00fcber unser Kontaktformular f\u00fcr einen Kostenvoranschlag f\u00fcr Verpackungen oder massgefertigte Kunststofftr\u00e4ger.","og_url":"https:\/\/www.olmiplast.ch\/de\/kontakt\/","og_site_name":"Olmiplast","article_modified_time":"2023-12-07T10:40:31+00:00","twitter_card":"summary_large_image","twitter_misc":{"Gesch\u00e4tzte Lesezeit":"2\u00a0Minuten"},"schema":{"@context":"https:\/\/schema.org","@graph":[{"@type":"WebPage","@id":"https:\/\/www.olmiplast.ch\/de\/kontakt\/","url":"https:\/\/www.olmiplast.ch\/de\/kontakt\/","name":"Kostenvoranschlag f\u00fcr die Herstellung von Kunststoffh\u00fcllen, Verpackungen und Verpackungsmaterial","isPartOf":{"@id":"https:\/\/www.olmiplast.ch\/de\/#website"},"datePublished":"2018-03-29T10:40:50+00:00","dateModified":"2023-12-07T10:40:31+00:00","description":"Kontaktieren sie uns auf +41 26 519 02 08 oder \u00fcber unser Kontaktformular f\u00fcr einen Kostenvoranschlag f\u00fcr Verpackungen oder massgefertigte Kunststofftr\u00e4ger.","inLanguage":"de-CH","potentialAction":[{"@type":"ReadAction","target":["https:\/\/www.olmiplast.ch\/de\/kontakt\/"]}]},{"@type":"WebSite","@id":"https:\/\/www.olmiplast.ch\/de\/#website","url":"https:\/\/www.olmiplast.ch\/de\/","name":"Olmiplast","description":"Fourre plastique, pochette et article de classement plastique","publisher":{"@id":"https:\/\/www.olmiplast.ch\/de\/#organization"},"potentialAction":[{"@type":"SearchAction","target":{"@type":"EntryPoint","urlTemplate":"https:\/\/www.olmiplast.ch\/de\/?s={search_term_string}"},"query-input":{"@type":"PropertyValueSpecification","valueRequired":true,"valueName":"search_term_string"}}],"inLanguage":"de-CH"},{"@type":"Organization","@id":"https:\/\/www.olmiplast.ch\/de\/#organization","name":"Olmiplast","url":"https:\/\/www.olmiplast.ch\/de\/","logo":{"@type":"ImageObject","inLanguage":"de-CH","@id":"https:\/\/www.olmiplast.ch\/de\/#\/schema\/logo\/image\/","url":"https:\/\/www.olmiplast.ch\/wp-content\/uploads\/2018\/06\/fabricant-emballage-plastique-souple-rigide.png","contentUrl":"https:\/\/www.olmiplast.ch\/wp-content\/uploads\/2018\/06\/fabricant-emballage-plastique-souple-rigide.png","width":207,"height":147,"caption":"Olmiplast"},"image":{"@id":"https:\/\/www.olmiplast.ch\/de\/#\/schema\/logo\/image\/"}}]}},"_links":{"self":[{"href":"https:\/\/www.olmiplast.ch\/de\/wp-json\/wp\/v2\/pages\/2549","targetHints":{"allow":["GET"]}}],"collection":[{"href":"https:\/\/www.olmiplast.ch\/de\/wp-json\/wp\/v2\/pages"}],"about":[{"href":"https:\/\/www.olmiplast.ch\/de\/wp-json\/wp\/v2\/types\/page"}],"author":[{"embeddable":true,"href":"https:\/\/www.olmiplast.ch\/de\/wp-json\/wp\/v2\/users\/1"}],"replies":[{"embeddable":true,"href":"https:\/\/www.olmiplast.ch\/de\/wp-json\/wp\/v2\/comments?post=2549"}],"version-history":[{"count":7,"href":"https:\/\/www.olmiplast.ch\/de\/wp-json\/wp\/v2\/pages\/2549\/revisions"}],"predecessor-version":[{"id":2619,"href":"https:\/\/www.olmiplast.ch\/de\/wp-json\/wp\/v2\/pages\/2549\/revisions\/2619"}],"wp:attachment":[{"href":"https:\/\/www.olmiplast.ch\/de\/wp-json\/wp\/v2\/media?parent=2549"}],"curies":[{"name":"wp","href":"https:\/\/api.w.org\/{rel}","templated":true}]}}