{"id":2545,"date":"2018-04-13T17:33:50","date_gmt":"2018-04-13T15:33:50","guid":{"rendered":"https:\/\/www.olmiplast.ch\/?page_id=2545"},"modified":"2023-12-06T15:51:36","modified_gmt":"2023-12-06T14:51:36","slug":"ordnungssysteme-verwaltung","status":"publish","type":"page","link":"https:\/\/www.olmiplast.ch\/de\/ordnungssysteme-verwaltung\/","title":{"rendered":"Ordnungssysteme &#8211; Verwaltung"},"content":{"rendered":"<p>[vc_row full_width=&#187;stretch_row&#187; css=&#187;.vc_custom_1637654902792{padding-top: 20px !important;padding-bottom: 20px !important;background: #a3d4ff url(https:\/\/www.olmiplast.ch\/wp-content\/uploads\/2021\/11\/classeur-b.png?id=1131) !important;background-position: center !important;background-repeat: no-repeat !important;background-size: cover !important;}&#187;][vc_column][vc_separator color=&#187;black&#187; border_width=&#187;2&#8243; el_width=&#187;60&#8243; css_animation=&#187;zoomIn&#187;][vc_row_inner content_placement=&#187;middle&#187;][vc_column_inner width=&#187;1\/3&#8243; css=&#187;.vc_custom_1637329347730{margin-top: 0px !important;margin-bottom: 0px !important;padding-top: 0px !important;padding-bottom: 0px !important;}&#187;][vc_single_image image=&#187;2827&#8243; img_size=&#187;150&#215;150&#8243; alignment=&#187;right&#187; css=&#187;.vc_custom_1701874212557{margin-top: 0px !important;margin-bottom: 0px !important;padding-top: 0px !important;padding-bottom: 0px !important;}&#187;][\/vc_column_inner][vc_column_inner width=&#187;1\/3&#8243; css=&#187;.vc_custom_1637329354835{margin-top: 0px !important;margin-bottom: 0px !important;padding-top: 0px !important;padding-bottom: 0px !important;}&#187;][vc_column_text css=&#187;.vc_custom_1650622216102{margin-top: 0px !important;margin-bottom: 0px !important;padding-top: 0px !important;padding-bottom: 0px !important;}&#187;]<\/p>\n<h2 style=\"text-align: center;\">HERSTELLUNG VON ORDNERN UND KUNSTSTOFF-DISPLAYS F\u00dcR DOKUMENTE<\/h2>\n<p>[\/vc_column_text][\/vc_column_inner][vc_column_inner width=&#187;1\/3&#8243;][\/vc_column_inner][\/vc_row_inner][vc_separator color=&#187;black&#187; border_width=&#187;2&#8243; el_width=&#187;60&#8243; css_animation=&#187;zoomIn&#187;][\/vc_column][\/vc_row][vc_row][vc_column][vc_column_text]<\/p>\n<p style=\"text-align: center;\">Wir stellen <strong>Ordner aus kartoniertem PVC<\/strong> sowie <strong>Kunststoffordner<\/strong> (PP) her. Wir verf\u00fcgen \u00fcber verschiedene Modelle und Gr\u00f6ssen, um allen Ihren Anforderungen gerecht zu werden.<\/p>\n<p style=\"text-align: center;\">Mit einer Vielzahl an Optionen lassen sich unsere Produkte vollst\u00e4ndig nach Ihren W\u00fcnschen personalisieren mit: Aufbewahrungsetuis, H\u00fcllen, ausgeschnittenen Sichtfenstern, usw.<\/p>\n<p>[\/vc_column_text][\/vc_column][\/vc_row][vc_row full_width=&#187;stretch_row_content&#187; equal_height=&#187;yes&#187;][vc_column width=&#187;1\/2&#8243;][vc_row_inner][vc_column_inner width=&#187;1\/3&#8243;][\/vc_column_inner][vc_column_inner width=&#187;2\/3&#8243;][vc_column_text]<\/p>\n<ul>\n<li>Lineal f\u00fcr Randvermerke (Pass und Wahlunterlagen<\/li>\n<li>Katasterh\u00fclle<\/li>\n<li>Mappe<\/li>\n<li>Elektrostatisches Abzeichen<\/li>\n<li>Etui<\/li>\n<li>Box<\/li>\n<li>Ordner mit Trennelementen<\/li>\n<\/ul>\n<p>[\/vc_column_text][\/vc_column_inner][\/vc_row_inner][\/vc_column][vc_column width=&#187;1\/2&#8243;][vc_row_inner][vc_column_inner width=&#187;2\/3&#8243;][vc_column_text]<\/p>\n<h5><strong><span style=\"color: #000000;\">Werbung am Verkaufsort:<\/span><\/strong><\/h5>\n<p>Das <strong class=\"d2b\">Tisch-Display aus Karton, PP, PVC oder PE<\/strong> bringt Ihre Brosch\u00fcren, Flyer, Zeitschriften und Produkte sch\u00f6n zur Geltung.<\/p>\n<p>Platziert auf einem Tisch, einer Theke oder im Schaufenster wird das Display zum Aush\u00e4ngeschild Ihrer Marke an allen Verkaufsorten.[\/vc_column_text][\/vc_column_inner][vc_column_inner width=&#187;1\/3&#8243;][\/vc_column_inner][\/vc_row_inner][\/vc_column][\/vc_row][vc_row][vc_column width=&#187;1\/4&#8243;][vc_separator color=&#187;custom&#187; border_width=&#187;2&#8243; el_width=&#187;10&#8243; css_animation=&#187;zoomIn&#187; accent_color=&#187;#52a7d9&#8243;][vc_single_image image=&#187;2829&#8243; img_size=&#187;full&#187; alignment=&#187;center&#187;][\/vc_column][\/vc_row][vc_row css=&#187;.vc_custom_1637592360755{margin-bottom: 50px !important;}&#187;][vc_column width=&#187;1\/3&#8243;][\/vc_column][vc_column width=&#187;1\/3&#8243; css=&#187;.vc_custom_1637592315957{background-color: #52a7d9 !important;}&#187;][vc_column_text]<\/p>\n<p style=\"text-align: center;\"><span class=\"fort\">Ben\u00f6tigen Sie weitere Informationen?<\/span><\/p>\n<p style=\"text-align: center;\"><strong>W\u00fcnschen Sie einen Kostenvoranschlag ?<\/strong><\/p>\n<p>[\/vc_column_text][vc_btn title=&#187;Kontaktieren Sie uns&#187; style=&#187;custom&#187; custom_background=&#187;#303030&#8243; custom_text=&#187;#ffffff&#187; shape=&#187;square&#187; size=&#187;lg&#187; align=&#187;center&#187; link=&#187;url:https%3A%2F%2Fwww.olmiplast.ch%2Fde%2Fkontakt&#187;][\/vc_column][vc_column width=&#187;1\/3&#8243;][\/vc_column][\/vc_row]<\/p>\n","protected":false},"excerpt":{"rendered":"<p>[vc_row full_width=&#187;stretch_row&#187; css=&#187;.vc_custom_1637654902792{padding-top: 20px !important;padding-bottom: 20px !important;background: #a3d4ff url(https:\/\/www.olmiplast.ch\/wp-content\/uploads\/2021\/11\/classeur-b.png?id=1131) !important;background-position: center !important;background-repeat: no-repeat !important;background-size: cover !important;}&#187;][vc_column][vc_separator color=&#187;black&#187; border_width=&#187;2&#8243; el_width=&#187;60&#8243; css_animation=&#187;zoomIn&#187;][vc_row_inner content_placement=&#187;middle&#187;][vc_column_inner width=&#187;1\/3&#8243; css=&#187;.vc_custom_1637329347730{margin-top: 0px !important;margin-bottom: 0px<span class=\"excerpt-hellip\"> [\u2026]<\/span><\/p>\n","protected":false},"author":1,"featured_media":0,"parent":0,"menu_order":0,"comment_status":"closed","ping_status":"closed","template":"","meta":{"footnotes":""},"class_list":["post-2545","page","type-page","status-publish","hentry"],"yoast_head":"<!-- This site is optimized with the Yoast SEO plugin v27.4 - https:\/\/yoast.com\/product\/yoast-seo-wordpress\/ -->\n<title>Herstellung von Kunststoffh\u00fcllen f\u00fcr Dokumente und kartonierten PVC-Displays<\/title>\n<meta name=\"description\" content=\"Olmiplast stellt Ordner aus hartem Kunststoff, Ordner mit Trennelementen, Displays f\u00fcr Verwaltungsdokumente und Werbung am Verkaufsort her. Kontaktieren Sie uns!\" \/>\n<meta name=\"robots\" content=\"index, follow, max-snippet:-1, max-image-preview:large, max-video-preview:-1\" \/>\n<link rel=\"canonical\" href=\"https:\/\/www.olmiplast.ch\/de\/ordnungssysteme-verwaltung\/\" \/>\n<meta property=\"og:locale\" content=\"de_DE\" \/>\n<meta property=\"og:type\" content=\"article\" \/>\n<meta property=\"og:title\" content=\"Herstellung von Kunststoffh\u00fcllen f\u00fcr Dokumente und kartonierten PVC-Displays\" \/>\n<meta property=\"og:description\" content=\"Olmiplast stellt Ordner aus hartem Kunststoff, Ordner mit Trennelementen, Displays f\u00fcr Verwaltungsdokumente und Werbung am Verkaufsort her. Kontaktieren Sie uns!\" \/>\n<meta property=\"og:url\" content=\"https:\/\/www.olmiplast.ch\/de\/ordnungssysteme-verwaltung\/\" \/>\n<meta property=\"og:site_name\" content=\"Olmiplast\" \/>\n<meta property=\"article:modified_time\" content=\"2023-12-06T14:51:36+00:00\" \/>\n<meta name=\"twitter:card\" content=\"summary_large_image\" \/>\n<meta name=\"twitter:label1\" content=\"Gesch\u00e4tzte Lesezeit\" \/>\n\t<meta name=\"twitter:data1\" content=\"2\u00a0Minuten\" \/>\n<script type=\"application\/ld+json\" class=\"yoast-schema-graph\">{\"@context\":\"https:\\\/\\\/schema.org\",\"@graph\":[{\"@type\":\"WebPage\",\"@id\":\"https:\\\/\\\/www.olmiplast.ch\\\/de\\\/ordnungssysteme-verwaltung\\\/\",\"url\":\"https:\\\/\\\/www.olmiplast.ch\\\/de\\\/ordnungssysteme-verwaltung\\\/\",\"name\":\"Herstellung von Kunststoffh\u00fcllen f\u00fcr Dokumente und kartonierten PVC-Displays\",\"isPartOf\":{\"@id\":\"https:\\\/\\\/www.olmiplast.ch\\\/de\\\/#website\"},\"datePublished\":\"2018-04-13T15:33:50+00:00\",\"dateModified\":\"2023-12-06T14:51:36+00:00\",\"description\":\"Olmiplast stellt Ordner aus hartem Kunststoff, Ordner mit Trennelementen, Displays f\u00fcr Verwaltungsdokumente und Werbung am Verkaufsort her. Kontaktieren Sie uns!\",\"inLanguage\":\"de-CH\",\"potentialAction\":[{\"@type\":\"ReadAction\",\"target\":[\"https:\\\/\\\/www.olmiplast.ch\\\/de\\\/ordnungssysteme-verwaltung\\\/\"]}]},{\"@type\":\"WebSite\",\"@id\":\"https:\\\/\\\/www.olmiplast.ch\\\/de\\\/#website\",\"url\":\"https:\\\/\\\/www.olmiplast.ch\\\/de\\\/\",\"name\":\"Olmiplast\",\"description\":\"Fourre plastique, pochette et article de classement plastique\",\"publisher\":{\"@id\":\"https:\\\/\\\/www.olmiplast.ch\\\/de\\\/#organization\"},\"potentialAction\":[{\"@type\":\"SearchAction\",\"target\":{\"@type\":\"EntryPoint\",\"urlTemplate\":\"https:\\\/\\\/www.olmiplast.ch\\\/de\\\/?s={search_term_string}\"},\"query-input\":{\"@type\":\"PropertyValueSpecification\",\"valueRequired\":true,\"valueName\":\"search_term_string\"}}],\"inLanguage\":\"de-CH\"},{\"@type\":\"Organization\",\"@id\":\"https:\\\/\\\/www.olmiplast.ch\\\/de\\\/#organization\",\"name\":\"Olmiplast\",\"url\":\"https:\\\/\\\/www.olmiplast.ch\\\/de\\\/\",\"logo\":{\"@type\":\"ImageObject\",\"inLanguage\":\"de-CH\",\"@id\":\"https:\\\/\\\/www.olmiplast.ch\\\/de\\\/#\\\/schema\\\/logo\\\/image\\\/\",\"url\":\"https:\\\/\\\/www.olmiplast.ch\\\/wp-content\\\/uploads\\\/2018\\\/06\\\/fabricant-emballage-plastique-souple-rigide.png\",\"contentUrl\":\"https:\\\/\\\/www.olmiplast.ch\\\/wp-content\\\/uploads\\\/2018\\\/06\\\/fabricant-emballage-plastique-souple-rigide.png\",\"width\":207,\"height\":147,\"caption\":\"Olmiplast\"},\"image\":{\"@id\":\"https:\\\/\\\/www.olmiplast.ch\\\/de\\\/#\\\/schema\\\/logo\\\/image\\\/\"}}]}<\/script>\n<!-- \/ Yoast SEO plugin. -->","yoast_head_json":{"title":"Herstellung von Kunststoffh\u00fcllen f\u00fcr Dokumente und kartonierten PVC-Displays","description":"Olmiplast stellt Ordner aus hartem Kunststoff, Ordner mit Trennelementen, Displays f\u00fcr Verwaltungsdokumente und Werbung am Verkaufsort her. Kontaktieren Sie uns!","robots":{"index":"index","follow":"follow","max-snippet":"max-snippet:-1","max-image-preview":"max-image-preview:large","max-video-preview":"max-video-preview:-1"},"canonical":"https:\/\/www.olmiplast.ch\/de\/ordnungssysteme-verwaltung\/","og_locale":"de_DE","og_type":"article","og_title":"Herstellung von Kunststoffh\u00fcllen f\u00fcr Dokumente und kartonierten PVC-Displays","og_description":"Olmiplast stellt Ordner aus hartem Kunststoff, Ordner mit Trennelementen, Displays f\u00fcr Verwaltungsdokumente und Werbung am Verkaufsort her. Kontaktieren Sie uns!","og_url":"https:\/\/www.olmiplast.ch\/de\/ordnungssysteme-verwaltung\/","og_site_name":"Olmiplast","article_modified_time":"2023-12-06T14:51:36+00:00","twitter_card":"summary_large_image","twitter_misc":{"Gesch\u00e4tzte Lesezeit":"2\u00a0Minuten"},"schema":{"@context":"https:\/\/schema.org","@graph":[{"@type":"WebPage","@id":"https:\/\/www.olmiplast.ch\/de\/ordnungssysteme-verwaltung\/","url":"https:\/\/www.olmiplast.ch\/de\/ordnungssysteme-verwaltung\/","name":"Herstellung von Kunststoffh\u00fcllen f\u00fcr Dokumente und kartonierten PVC-Displays","isPartOf":{"@id":"https:\/\/www.olmiplast.ch\/de\/#website"},"datePublished":"2018-04-13T15:33:50+00:00","dateModified":"2023-12-06T14:51:36+00:00","description":"Olmiplast stellt Ordner aus hartem Kunststoff, Ordner mit Trennelementen, Displays f\u00fcr Verwaltungsdokumente und Werbung am Verkaufsort her. Kontaktieren Sie uns!","inLanguage":"de-CH","potentialAction":[{"@type":"ReadAction","target":["https:\/\/www.olmiplast.ch\/de\/ordnungssysteme-verwaltung\/"]}]},{"@type":"WebSite","@id":"https:\/\/www.olmiplast.ch\/de\/#website","url":"https:\/\/www.olmiplast.ch\/de\/","name":"Olmiplast","description":"Fourre plastique, pochette et article de classement plastique","publisher":{"@id":"https:\/\/www.olmiplast.ch\/de\/#organization"},"potentialAction":[{"@type":"SearchAction","target":{"@type":"EntryPoint","urlTemplate":"https:\/\/www.olmiplast.ch\/de\/?s={search_term_string}"},"query-input":{"@type":"PropertyValueSpecification","valueRequired":true,"valueName":"search_term_string"}}],"inLanguage":"de-CH"},{"@type":"Organization","@id":"https:\/\/www.olmiplast.ch\/de\/#organization","name":"Olmiplast","url":"https:\/\/www.olmiplast.ch\/de\/","logo":{"@type":"ImageObject","inLanguage":"de-CH","@id":"https:\/\/www.olmiplast.ch\/de\/#\/schema\/logo\/image\/","url":"https:\/\/www.olmiplast.ch\/wp-content\/uploads\/2018\/06\/fabricant-emballage-plastique-souple-rigide.png","contentUrl":"https:\/\/www.olmiplast.ch\/wp-content\/uploads\/2018\/06\/fabricant-emballage-plastique-souple-rigide.png","width":207,"height":147,"caption":"Olmiplast"},"image":{"@id":"https:\/\/www.olmiplast.ch\/de\/#\/schema\/logo\/image\/"}}]}},"_links":{"self":[{"href":"https:\/\/www.olmiplast.ch\/de\/wp-json\/wp\/v2\/pages\/2545","targetHints":{"allow":["GET"]}}],"collection":[{"href":"https:\/\/www.olmiplast.ch\/de\/wp-json\/wp\/v2\/pages"}],"about":[{"href":"https:\/\/www.olmiplast.ch\/de\/wp-json\/wp\/v2\/types\/page"}],"author":[{"embeddable":true,"href":"https:\/\/www.olmiplast.ch\/de\/wp-json\/wp\/v2\/users\/1"}],"replies":[{"embeddable":true,"href":"https:\/\/www.olmiplast.ch\/de\/wp-json\/wp\/v2\/comments?post=2545"}],"version-history":[{"count":4,"href":"https:\/\/www.olmiplast.ch\/de\/wp-json\/wp\/v2\/pages\/2545\/revisions"}],"predecessor-version":[{"id":2831,"href":"https:\/\/www.olmiplast.ch\/de\/wp-json\/wp\/v2\/pages\/2545\/revisions\/2831"}],"wp:attachment":[{"href":"https:\/\/www.olmiplast.ch\/de\/wp-json\/wp\/v2\/media?parent=2545"}],"curies":[{"name":"wp","href":"https:\/\/api.w.org\/{rel}","templated":true}]}}