{"id":2543,"date":"2018-04-13T17:33:34","date_gmt":"2018-04-13T15:33:34","guid":{"rendered":"https:\/\/www.olmiplast.ch\/?page_id=2543"},"modified":"2023-12-06T13:45:10","modified_gmt":"2023-12-06T12:45:10","slug":"baustellenbeschilderung-bauwesen","status":"publish","type":"page","link":"https:\/\/www.olmiplast.ch\/de\/baustellenbeschilderung-bauwesen\/","title":{"rendered":"Baustellenbeschilderung &#8211; Bauwesen"},"content":{"rendered":"<p>[vc_row full_width=&#187;stretch_row&#187; css=&#187;.vc_custom_1637654866290{padding-top: 20px !important;padding-bottom: 20px !important;background: #ddc299 url(https:\/\/www.olmiplast.ch\/wp-content\/uploads\/2021\/11\/construction.png?id=1111) !important;background-position: center !important;background-repeat: no-repeat !important;background-size: cover !important;}&#187;][vc_column][vc_separator color=&#187;black&#187; border_width=&#187;2&#8243; el_width=&#187;60&#8243; css_animation=&#187;zoomIn&#187;][vc_row_inner content_placement=&#187;middle&#187;][vc_column_inner width=&#187;1\/3&#8243; css=&#187;.vc_custom_1637329347730{margin-top: 0px !important;margin-bottom: 0px !important;padding-top: 0px !important;padding-bottom: 0px !important;}&#187;][vc_single_image image=&#187;2637&#8243; img_size=&#187;150&#215;150&#8243; alignment=&#187;right&#187; css=&#187;.vc_custom_1701865823667{margin-top: 0px !important;margin-bottom: 0px !important;padding-top: 0px !important;padding-bottom: 0px !important;}&#187;][\/vc_column_inner][vc_column_inner width=&#187;1\/3&#8243; css=&#187;.vc_custom_1637329354835{margin-top: 0px !important;margin-bottom: 0px !important;padding-top: 0px !important;padding-bottom: 0px !important;}&#187;][vc_column_text css=&#187;.vc_custom_1650620362306{margin-top: 0px !important;margin-bottom: 0px !important;padding-top: 0px !important;padding-bottom: 0px !important;}&#187;]<\/p>\n<h2 style=\"text-align: center;\">HERSTELLUNG VON KUNSTSTOFFH\u00dcLLEN UND BESCHILDERUNGEN F\u00dcR BAUSTELLEN UND GEB\u00c4UDE<\/h2>\n<p>[\/vc_column_text][\/vc_column_inner][vc_column_inner width=&#187;1\/3&#8243;][\/vc_column_inner][\/vc_row_inner][vc_separator color=&#187;black&#187; border_width=&#187;2&#8243; el_width=&#187;60&#8243; css_animation=&#187;zoomIn&#187;][\/vc_column][\/vc_row][vc_row][vc_column][vc_column_text]<\/p>\n<p style=\"text-align: center;\">Herstellung von <strong class=\"d2b\">Kunststoffbeschilderungen mit Sicherheits-<\/strong> und <strong class=\"d2b\">Risikopr\u00e4ventionshinweisen<\/strong><\/p>\n<p>[\/vc_column_text][\/vc_column][\/vc_row][vc_row full_width=&#187;stretch_row_content&#187; equal_height=&#187;yes&#187;][vc_column width=&#187;1\/2&#8243;][vc_row_inner][vc_column_inner width=&#187;1\/3&#8243;][\/vc_column_inner][vc_column_inner width=&#187;2\/3&#8243;][vc_column_text]<\/p>\n<h3>H\u00fclle f\u00fcr Ger\u00fcste Auf<\/h3>\n<p><strong>Ger\u00fcsth\u00fcllen hat sich Olmiplast ganz besonders spezialisiert.<\/strong><\/p>\n<ul>\n<li><strong class=\"d2b\">H\u00fclle oder<\/strong><strong class=\"d2b\"> Etui mit Hohlsaum zur Befestigung am Rohr Ihres <\/strong>Ger\u00fcsts<strong class=\"d2b\">, <\/strong><\/li>\n<li><strong class=\"d2b\"> Dichte Baustellenh\u00fclle aus <\/strong><strong class=\"d2b\">kristallklarem (transparentem), weichem PVC, in einfacher A4- oder doppelter A4-Ausf\u00fchrung,<\/strong><\/li>\n<li>&#8230;<\/li>\n<\/ul>\n<p>Schieben Sie Ihre Verwaltungsdokumente (Abnahmeprotokoll<strong class=\"d2b\">) gem\u00e4ss Arbeitsgesetz einfach in die H\u00fclle ein:<\/strong><\/p>\n<ul>\n<li>Bauunternehmer-Daten,<\/li>\n<li>T\u00e4gliche Pr\u00fcfdokumentation,<\/li>\n<li>&#8230;<\/li>\n<\/ul>\n<p>[\/vc_column_text][\/vc_column_inner][\/vc_row_inner][\/vc_column][vc_column width=&#187;1\/2&#8243;][vc_row_inner][vc_column_inner width=&#187;2\/3&#8243;][vc_column_text]<\/p>\n<h3><strong>Kennzeichnungs- und Sicherheits-Banner und -Wimpel f\u00fcr Baustellen<\/strong><\/h3>\n<p>Olmiplast stellt nicht nur <strong class=\"d2b\">H\u00fcllen f\u00fcr Abnahmeprotokolle<\/strong> her, sondern auch:<\/p>\n<ul>\n<li><strong>Sicherheits-Banner<\/strong> f\u00fcr <strong class=\"d2b\">Baustellen<\/strong>,<\/li>\n<li><strong>Sicherheitswimpel<\/strong> f\u00fcr <strong class=\"d2b\">Baustellen<\/strong>,<\/li>\n<li>\u2026<\/li>\n<\/ul>\n<p>[\/vc_column_text][\/vc_column_inner][vc_column_inner width=&#187;1\/3&#8243;][\/vc_column_inner][\/vc_row_inner][\/vc_column][\/vc_row][vc_row][vc_column][vc_column_text]<\/p>\n<p style=\"text-align: center;\">Das verwendete Tr\u00e4germaterial ist reiss- und verrottungsfest; unsere <strong class=\"d2b\">Kunststoffh\u00fcllen<\/strong> sind mit speziellen Tinten bedruckt. Olmiplast stellt <strong class=\"d2b\">Ger\u00fcsth\u00fcllen<\/strong> aus <strong>armiertem PVC-Stoff<\/strong> mit einem transparenten Teil f\u00fcr A4-Dokumente in Querformat einschliesslich Schutz-Umschlag her. Geliefert mit Personalisierung auf dem Stangenkanal<\/p>\n<p>[\/vc_column_text][\/vc_column][\/vc_row][vc_row][vc_column width=&#187;1\/4&#8243;][vc_separator color=&#187;custom&#187; border_width=&#187;2&#8243; el_width=&#187;10&#8243; css_animation=&#187;zoomIn&#187; accent_color=&#187;#52a7d9&#8243;][vc_single_image image=&#187;2641&#8243; img_size=&#187;full&#187; alignment=&#187;center&#187;][\/vc_column][vc_column width=&#187;1\/4&#8243;][vc_separator color=&#187;custom&#187; border_width=&#187;2&#8243; el_width=&#187;10&#8243; css_animation=&#187;zoomIn&#187; accent_color=&#187;#52a7d9&#8243;][vc_single_image image=&#187;2643&#8243; img_size=&#187;full&#187; alignment=&#187;center&#187;][\/vc_column][vc_column width=&#187;1\/4&#8243;][vc_separator color=&#187;custom&#187; border_width=&#187;2&#8243; el_width=&#187;10&#8243; css_animation=&#187;zoomIn&#187; accent_color=&#187;#52a7d9&#8243;][vc_single_image image=&#187;2645&#8243; img_size=&#187;full&#187; alignment=&#187;center&#187;][\/vc_column][vc_column width=&#187;1\/4&#8243;][vc_separator color=&#187;custom&#187; border_width=&#187;2&#8243; el_width=&#187;10&#8243; css_animation=&#187;zoomIn&#187; accent_color=&#187;#52a7d9&#8243;][vc_single_image image=&#187;2647&#8243; img_size=&#187;full&#187; alignment=&#187;center&#187;][\/vc_column][\/vc_row][vc_row css=&#187;.vc_custom_1637592360755{margin-bottom: 50px !important;}&#187;][vc_column width=&#187;1\/3&#8243;][\/vc_column][vc_column width=&#187;1\/3&#8243; css=&#187;.vc_custom_1637592315957{background-color: #52a7d9 !important;}&#187;][vc_column_text]<\/p>\n<p style=\"text-align: center;\"><span class=\"fort\">Ben\u00f6tigen Sie weitere Informationen?<\/span><\/p>\n<p style=\"text-align: center;\"><strong>W\u00fcnschen Sie einen Kostenvoranschlag ?<\/strong><\/p>\n<p>[\/vc_column_text][vc_btn title=&#187;KONTAKTIEREN SIE UNS&#187; style=&#187;custom&#187; custom_background=&#187;#303030&#8243; custom_text=&#187;#ffffff&#187; shape=&#187;square&#187; size=&#187;lg&#187; align=&#187;center&#187; link=&#187;url:https%3A%2F%2Fwww.olmiplast.ch%2Fde%2Fkontakt&#187;][\/vc_column][vc_column width=&#187;1\/3&#8243;][\/vc_column][\/vc_row]<\/p>\n","protected":false},"excerpt":{"rendered":"<p>[vc_row full_width=&#187;stretch_row&#187; css=&#187;.vc_custom_1637654866290{padding-top: 20px !important;padding-bottom: 20px !important;background: #ddc299 url(https:\/\/www.olmiplast.ch\/wp-content\/uploads\/2021\/11\/construction.png?id=1111) !important;background-position: center !important;background-repeat: no-repeat !important;background-size: cover !important;}&#187;][vc_column][vc_separator color=&#187;black&#187; border_width=&#187;2&#8243; el_width=&#187;60&#8243; css_animation=&#187;zoomIn&#187;][vc_row_inner content_placement=&#187;middle&#187;][vc_column_inner width=&#187;1\/3&#8243; css=&#187;.vc_custom_1637329347730{margin-top: 0px !important;margin-bottom: 0px<span class=\"excerpt-hellip\"> [\u2026]<\/span><\/p>\n","protected":false},"author":1,"featured_media":0,"parent":0,"menu_order":0,"comment_status":"closed","ping_status":"closed","template":"","meta":{"footnotes":""},"class_list":["post-2543","page","type-page","status-publish","hentry"],"yoast_head":"<!-- This site is optimized with the Yoast SEO plugin v27.4 - https:\/\/yoast.com\/product\/yoast-seo-wordpress\/ -->\n<title>Herstellung von Baustellenbeschilderungen, PVC-Geb\u00e4udekennzeichnungen<\/title>\n<meta name=\"description\" content=\"F\u00fcr Ihre Baustellen finden Sie bei Olmiplast massgefertigte Tafeln und Schilder aus PVC. Beantragen Sie online einen kostenlosen Kostenvoranschlag.\" \/>\n<meta name=\"robots\" content=\"index, follow, max-snippet:-1, max-image-preview:large, max-video-preview:-1\" \/>\n<link rel=\"canonical\" href=\"https:\/\/www.olmiplast.ch\/de\/baustellenbeschilderung-bauwesen\/\" \/>\n<meta property=\"og:locale\" content=\"de_DE\" \/>\n<meta property=\"og:type\" content=\"article\" \/>\n<meta property=\"og:title\" content=\"Herstellung von Baustellenbeschilderungen, PVC-Geb\u00e4udekennzeichnungen\" \/>\n<meta property=\"og:description\" content=\"F\u00fcr Ihre Baustellen finden Sie bei Olmiplast massgefertigte Tafeln und Schilder aus PVC. Beantragen Sie online einen kostenlosen Kostenvoranschlag.\" \/>\n<meta property=\"og:url\" content=\"https:\/\/www.olmiplast.ch\/de\/baustellenbeschilderung-bauwesen\/\" \/>\n<meta property=\"og:site_name\" content=\"Olmiplast\" \/>\n<meta property=\"article:modified_time\" content=\"2023-12-06T12:45:10+00:00\" \/>\n<meta name=\"twitter:card\" content=\"summary_large_image\" \/>\n<meta name=\"twitter:label1\" content=\"Gesch\u00e4tzte Lesezeit\" \/>\n\t<meta name=\"twitter:data1\" content=\"3\u00a0Minuten\" \/>\n<script type=\"application\/ld+json\" class=\"yoast-schema-graph\">{\"@context\":\"https:\\\/\\\/schema.org\",\"@graph\":[{\"@type\":\"WebPage\",\"@id\":\"https:\\\/\\\/www.olmiplast.ch\\\/de\\\/baustellenbeschilderung-bauwesen\\\/\",\"url\":\"https:\\\/\\\/www.olmiplast.ch\\\/de\\\/baustellenbeschilderung-bauwesen\\\/\",\"name\":\"Herstellung von Baustellenbeschilderungen, PVC-Geb\u00e4udekennzeichnungen\",\"isPartOf\":{\"@id\":\"https:\\\/\\\/www.olmiplast.ch\\\/de\\\/#website\"},\"datePublished\":\"2018-04-13T15:33:34+00:00\",\"dateModified\":\"2023-12-06T12:45:10+00:00\",\"description\":\"F\u00fcr Ihre Baustellen finden Sie bei Olmiplast massgefertigte Tafeln und Schilder aus PVC. Beantragen Sie online einen kostenlosen Kostenvoranschlag.\",\"inLanguage\":\"de-CH\",\"potentialAction\":[{\"@type\":\"ReadAction\",\"target\":[\"https:\\\/\\\/www.olmiplast.ch\\\/de\\\/baustellenbeschilderung-bauwesen\\\/\"]}]},{\"@type\":\"WebSite\",\"@id\":\"https:\\\/\\\/www.olmiplast.ch\\\/de\\\/#website\",\"url\":\"https:\\\/\\\/www.olmiplast.ch\\\/de\\\/\",\"name\":\"Olmiplast\",\"description\":\"Fourre plastique, pochette et article de classement plastique\",\"publisher\":{\"@id\":\"https:\\\/\\\/www.olmiplast.ch\\\/de\\\/#organization\"},\"potentialAction\":[{\"@type\":\"SearchAction\",\"target\":{\"@type\":\"EntryPoint\",\"urlTemplate\":\"https:\\\/\\\/www.olmiplast.ch\\\/de\\\/?s={search_term_string}\"},\"query-input\":{\"@type\":\"PropertyValueSpecification\",\"valueRequired\":true,\"valueName\":\"search_term_string\"}}],\"inLanguage\":\"de-CH\"},{\"@type\":\"Organization\",\"@id\":\"https:\\\/\\\/www.olmiplast.ch\\\/de\\\/#organization\",\"name\":\"Olmiplast\",\"url\":\"https:\\\/\\\/www.olmiplast.ch\\\/de\\\/\",\"logo\":{\"@type\":\"ImageObject\",\"inLanguage\":\"de-CH\",\"@id\":\"https:\\\/\\\/www.olmiplast.ch\\\/de\\\/#\\\/schema\\\/logo\\\/image\\\/\",\"url\":\"https:\\\/\\\/www.olmiplast.ch\\\/wp-content\\\/uploads\\\/2018\\\/06\\\/fabricant-emballage-plastique-souple-rigide.png\",\"contentUrl\":\"https:\\\/\\\/www.olmiplast.ch\\\/wp-content\\\/uploads\\\/2018\\\/06\\\/fabricant-emballage-plastique-souple-rigide.png\",\"width\":207,\"height\":147,\"caption\":\"Olmiplast\"},\"image\":{\"@id\":\"https:\\\/\\\/www.olmiplast.ch\\\/de\\\/#\\\/schema\\\/logo\\\/image\\\/\"}}]}<\/script>\n<!-- \/ Yoast SEO plugin. -->","yoast_head_json":{"title":"Herstellung von Baustellenbeschilderungen, PVC-Geb\u00e4udekennzeichnungen","description":"F\u00fcr Ihre Baustellen finden Sie bei Olmiplast massgefertigte Tafeln und Schilder aus PVC. Beantragen Sie online einen kostenlosen Kostenvoranschlag.","robots":{"index":"index","follow":"follow","max-snippet":"max-snippet:-1","max-image-preview":"max-image-preview:large","max-video-preview":"max-video-preview:-1"},"canonical":"https:\/\/www.olmiplast.ch\/de\/baustellenbeschilderung-bauwesen\/","og_locale":"de_DE","og_type":"article","og_title":"Herstellung von Baustellenbeschilderungen, PVC-Geb\u00e4udekennzeichnungen","og_description":"F\u00fcr Ihre Baustellen finden Sie bei Olmiplast massgefertigte Tafeln und Schilder aus PVC. Beantragen Sie online einen kostenlosen Kostenvoranschlag.","og_url":"https:\/\/www.olmiplast.ch\/de\/baustellenbeschilderung-bauwesen\/","og_site_name":"Olmiplast","article_modified_time":"2023-12-06T12:45:10+00:00","twitter_card":"summary_large_image","twitter_misc":{"Gesch\u00e4tzte Lesezeit":"3\u00a0Minuten"},"schema":{"@context":"https:\/\/schema.org","@graph":[{"@type":"WebPage","@id":"https:\/\/www.olmiplast.ch\/de\/baustellenbeschilderung-bauwesen\/","url":"https:\/\/www.olmiplast.ch\/de\/baustellenbeschilderung-bauwesen\/","name":"Herstellung von Baustellenbeschilderungen, PVC-Geb\u00e4udekennzeichnungen","isPartOf":{"@id":"https:\/\/www.olmiplast.ch\/de\/#website"},"datePublished":"2018-04-13T15:33:34+00:00","dateModified":"2023-12-06T12:45:10+00:00","description":"F\u00fcr Ihre Baustellen finden Sie bei Olmiplast massgefertigte Tafeln und Schilder aus PVC. Beantragen Sie online einen kostenlosen Kostenvoranschlag.","inLanguage":"de-CH","potentialAction":[{"@type":"ReadAction","target":["https:\/\/www.olmiplast.ch\/de\/baustellenbeschilderung-bauwesen\/"]}]},{"@type":"WebSite","@id":"https:\/\/www.olmiplast.ch\/de\/#website","url":"https:\/\/www.olmiplast.ch\/de\/","name":"Olmiplast","description":"Fourre plastique, pochette et article de classement plastique","publisher":{"@id":"https:\/\/www.olmiplast.ch\/de\/#organization"},"potentialAction":[{"@type":"SearchAction","target":{"@type":"EntryPoint","urlTemplate":"https:\/\/www.olmiplast.ch\/de\/?s={search_term_string}"},"query-input":{"@type":"PropertyValueSpecification","valueRequired":true,"valueName":"search_term_string"}}],"inLanguage":"de-CH"},{"@type":"Organization","@id":"https:\/\/www.olmiplast.ch\/de\/#organization","name":"Olmiplast","url":"https:\/\/www.olmiplast.ch\/de\/","logo":{"@type":"ImageObject","inLanguage":"de-CH","@id":"https:\/\/www.olmiplast.ch\/de\/#\/schema\/logo\/image\/","url":"https:\/\/www.olmiplast.ch\/wp-content\/uploads\/2018\/06\/fabricant-emballage-plastique-souple-rigide.png","contentUrl":"https:\/\/www.olmiplast.ch\/wp-content\/uploads\/2018\/06\/fabricant-emballage-plastique-souple-rigide.png","width":207,"height":147,"caption":"Olmiplast"},"image":{"@id":"https:\/\/www.olmiplast.ch\/de\/#\/schema\/logo\/image\/"}}]}},"_links":{"self":[{"href":"https:\/\/www.olmiplast.ch\/de\/wp-json\/wp\/v2\/pages\/2543","targetHints":{"allow":["GET"]}}],"collection":[{"href":"https:\/\/www.olmiplast.ch\/de\/wp-json\/wp\/v2\/pages"}],"about":[{"href":"https:\/\/www.olmiplast.ch\/de\/wp-json\/wp\/v2\/types\/page"}],"author":[{"embeddable":true,"href":"https:\/\/www.olmiplast.ch\/de\/wp-json\/wp\/v2\/users\/1"}],"replies":[{"embeddable":true,"href":"https:\/\/www.olmiplast.ch\/de\/wp-json\/wp\/v2\/comments?post=2543"}],"version-history":[{"count":3,"href":"https:\/\/www.olmiplast.ch\/de\/wp-json\/wp\/v2\/pages\/2543\/revisions"}],"predecessor-version":[{"id":2650,"href":"https:\/\/www.olmiplast.ch\/de\/wp-json\/wp\/v2\/pages\/2543\/revisions\/2650"}],"wp:attachment":[{"href":"https:\/\/www.olmiplast.ch\/de\/wp-json\/wp\/v2\/media?parent=2543"}],"curies":[{"name":"wp","href":"https:\/\/api.w.org\/{rel}","templated":true}]}}