{"id":2541,"date":"2018-04-13T17:32:57","date_gmt":"2018-04-13T15:32:57","guid":{"rendered":"https:\/\/www.olmiplast.ch\/?page_id=2541"},"modified":"2023-12-06T13:28:08","modified_gmt":"2023-12-06T12:28:08","slug":"automobilbranche-transport","status":"publish","type":"page","link":"https:\/\/www.olmiplast.ch\/de\/automobilbranche-transport\/","title":{"rendered":"Automobilbranche \/ Transport"},"content":{"rendered":"<p>[vc_row full_width=&#187;stretch_row&#187; css=&#187;.vc_custom_1637654790053{padding-top: 20px !important;padding-bottom: 20px !important;background: #d8d8d8 url(https:\/\/www.olmiplast.ch\/wp-content\/uploads\/2021\/11\/auto-1.png?id=1109) !important;background-position: center !important;background-repeat: no-repeat !important;background-size: cover !important;}&#187;][vc_column][vc_separator color=&#187;black&#187; border_width=&#187;2&#8243; el_width=&#187;60&#8243; css_animation=&#187;zoomIn&#187;][vc_row_inner content_placement=&#187;middle&#187;][vc_column_inner width=&#187;1\/3&#8243; css=&#187;.vc_custom_1637329347730{margin-top: 0px !important;margin-bottom: 0px !important;padding-top: 0px !important;padding-bottom: 0px !important;}&#187;][vc_single_image image=&#187;2629&#8243; img_size=&#187;150&#215;150&#8243; alignment=&#187;right&#187; css=&#187;.vc_custom_1701865590728{margin-top: 0px !important;margin-bottom: 0px !important;padding-top: 0px !important;padding-bottom: 0px !important;}&#187;][\/vc_column_inner][vc_column_inner width=&#187;1\/3&#8243; css=&#187;.vc_custom_1637329354835{margin-top: 0px !important;margin-bottom: 0px !important;padding-top: 0px !important;padding-bottom: 0px !important;}&#187;][vc_column_text css=&#187;.vc_custom_1650620002694{margin-top: 0px !important;margin-bottom: 0px !important;padding-top: 0px !important;padding-bottom: 0px !important;}&#187;]<\/p>\n<h2 style=\"text-align: center;\">HERSTELLUNG VON KUNSTSTOFFH\u00dcLLEN UND -ETUIS F\u00dcR AUTOPAPIERE<\/h2>\n<p>[\/vc_column_text][\/vc_column_inner][vc_column_inner width=&#187;1\/3&#8243;][\/vc_column_inner][\/vc_row_inner][vc_separator color=&#187;black&#187; border_width=&#187;2&#8243; el_width=&#187;60&#8243; css_animation=&#187;zoomIn&#187;][\/vc_column][\/vc_row][vc_row][vc_column][vc_column_text]<\/p>\n<p style=\"text-align: center;\">Olmiplast ist auch im <strong>Transport- und Automobilbereich<\/strong> pr\u00e4sent und bietet Ihnen <strong class=\"d2b\">Transportscheinh\u00fcllen<\/strong>, <strong>Kunststoffh\u00fcllen<\/strong> f\u00fcr Autovermietungen, <strong>Schutzh\u00fcllen<\/strong> f\u00fcr Autopapiere und verschiedene andere Dokumentenh\u00fcllen an.<\/p>\n<p>[\/vc_column_text][\/vc_column][\/vc_row][vc_row][vc_column width=&#187;1\/3&#8243;][vc_column_text]<\/p>\n<h4 style=\"text-align: center;\">Vermietungs-Dossier, H\u00fclle f\u00fcr Autopapiere<\/h4>\n<p>[\/vc_column_text][vc_separator color=&#187;custom&#187; border_width=&#187;2&#8243; el_width=&#187;10&#8243; css_animation=&#187;zoomIn&#187; accent_color=&#187;#52a7d9&#8243;][vc_single_image image=&#187;2632&#8243; img_size=&#187;full&#187; alignment=&#187;center&#187;][\/vc_column][vc_column width=&#187;1\/3&#8243;][vc_column_text]<\/p>\n<h4 style=\"text-align: center;\">Umschlagh\u00fclle, PVC-H\u00fclle f\u00fcr Fahrzeugschein<\/h4>\n<p>[\/vc_column_text][vc_separator color=&#187;custom&#187; border_width=&#187;2&#8243; el_width=&#187;10&#8243; css_animation=&#187;zoomIn&#187; accent_color=&#187;#52a7d9&#8243;][vc_single_image image=&#187;2634&#8243; img_size=&#187;full&#187; alignment=&#187;center&#187;][\/vc_column][\/vc_row][vc_row css=&#187;.vc_custom_1637592360755{margin-bottom: 50px !important;}&#187;][vc_column width=&#187;1\/3&#8243;][\/vc_column][vc_column width=&#187;1\/3&#8243; css=&#187;.vc_custom_1637592315957{background-color: #52a7d9 !important;}&#187;][vc_column_text]<\/p>\n<p style=\"text-align: center;\"><span class=\"fort\">Ben\u00f6tigen Sie weitere Informationen?<\/span><\/p>\n<p style=\"text-align: center;\"><span class=\"fort\">W\u00fcnschen Sie einen Kostenvoranschlag?<\/span><\/p>\n<p>[\/vc_column_text][vc_btn title=&#187;KONTAKTIEREN SIE UNS&#187; style=&#187;custom&#187; custom_background=&#187;#303030&#8243; custom_text=&#187;#ffffff&#187; shape=&#187;square&#187; size=&#187;lg&#187; align=&#187;center&#187; link=&#187;url:https%3A%2F%2Fwww.olmiplast.ch%2Fde%2Fkontakt&#187;][\/vc_column][vc_column width=&#187;1\/3&#8243;][\/vc_column][\/vc_row]<\/p>\n","protected":false},"excerpt":{"rendered":"<p>[vc_row full_width=&#187;stretch_row&#187; css=&#187;.vc_custom_1637654790053{padding-top: 20px !important;padding-bottom: 20px !important;background: #d8d8d8 url(https:\/\/www.olmiplast.ch\/wp-content\/uploads\/2021\/11\/auto-1.png?id=1109) !important;background-position: center !important;background-repeat: no-repeat !important;background-size: cover !important;}&#187;][vc_column][vc_separator color=&#187;black&#187; border_width=&#187;2&#8243; el_width=&#187;60&#8243; css_animation=&#187;zoomIn&#187;][vc_row_inner content_placement=&#187;middle&#187;][vc_column_inner width=&#187;1\/3&#8243; css=&#187;.vc_custom_1637329347730{margin-top: 0px !important;margin-bottom: 0px<span class=\"excerpt-hellip\"> [\u2026]<\/span><\/p>\n","protected":false},"author":1,"featured_media":0,"parent":0,"menu_order":0,"comment_status":"closed","ping_status":"closed","template":"","meta":{"footnotes":""},"class_list":["post-2541","page","type-page","status-publish","hentry"],"yoast_head":"<!-- This site is optimized with the Yoast SEO plugin v27.5 - https:\/\/yoast.com\/product\/yoast-seo-wordpress\/ -->\n<title>Herstellung von Kunststoffh\u00fcllen f\u00fcr Autopapiere, Kunststoffh\u00fcllen und PVC-Etuis<\/title>\n<meta name=\"description\" content=\"Herstellung von Transportscheinh\u00fcllen, Schutzetuis f\u00fcr Autopapiere und Versicherungsvignetten-H\u00fcllen. Beantragen Sie Ihren Kostenvoranschlag online.\" \/>\n<meta name=\"robots\" content=\"index, follow, max-snippet:-1, max-image-preview:large, max-video-preview:-1\" \/>\n<link rel=\"canonical\" href=\"https:\/\/www.olmiplast.ch\/de\/automobilbranche-transport\/\" \/>\n<meta property=\"og:locale\" content=\"de_DE\" \/>\n<meta property=\"og:type\" content=\"article\" \/>\n<meta property=\"og:title\" content=\"Herstellung von Kunststoffh\u00fcllen f\u00fcr Autopapiere, Kunststoffh\u00fcllen und PVC-Etuis\" \/>\n<meta property=\"og:description\" content=\"Herstellung von Transportscheinh\u00fcllen, Schutzetuis f\u00fcr Autopapiere und Versicherungsvignetten-H\u00fcllen. Beantragen Sie Ihren Kostenvoranschlag online.\" \/>\n<meta property=\"og:url\" content=\"https:\/\/www.olmiplast.ch\/de\/automobilbranche-transport\/\" \/>\n<meta property=\"og:site_name\" content=\"Olmiplast\" \/>\n<meta property=\"article:modified_time\" content=\"2023-12-06T12:28:08+00:00\" \/>\n<meta name=\"twitter:card\" content=\"summary_large_image\" \/>\n<meta name=\"twitter:label1\" content=\"Gesch\u00e4tzte Lesezeit\" \/>\n\t<meta name=\"twitter:data1\" content=\"2\u00a0Minuten\" \/>\n<script type=\"application\/ld+json\" class=\"yoast-schema-graph\">{\"@context\":\"https:\\\/\\\/schema.org\",\"@graph\":[{\"@type\":\"WebPage\",\"@id\":\"https:\\\/\\\/www.olmiplast.ch\\\/de\\\/automobilbranche-transport\\\/\",\"url\":\"https:\\\/\\\/www.olmiplast.ch\\\/de\\\/automobilbranche-transport\\\/\",\"name\":\"Herstellung von Kunststoffh\u00fcllen f\u00fcr Autopapiere, Kunststoffh\u00fcllen und PVC-Etuis\",\"isPartOf\":{\"@id\":\"https:\\\/\\\/www.olmiplast.ch\\\/de\\\/#website\"},\"datePublished\":\"2018-04-13T15:32:57+00:00\",\"dateModified\":\"2023-12-06T12:28:08+00:00\",\"description\":\"Herstellung von Transportscheinh\u00fcllen, Schutzetuis f\u00fcr Autopapiere und Versicherungsvignetten-H\u00fcllen. Beantragen Sie Ihren Kostenvoranschlag online.\",\"inLanguage\":\"de-CH\",\"potentialAction\":[{\"@type\":\"ReadAction\",\"target\":[\"https:\\\/\\\/www.olmiplast.ch\\\/de\\\/automobilbranche-transport\\\/\"]}]},{\"@type\":\"WebSite\",\"@id\":\"https:\\\/\\\/www.olmiplast.ch\\\/de\\\/#website\",\"url\":\"https:\\\/\\\/www.olmiplast.ch\\\/de\\\/\",\"name\":\"Olmiplast\",\"description\":\"Fourre plastique, pochette et article de classement plastique\",\"publisher\":{\"@id\":\"https:\\\/\\\/www.olmiplast.ch\\\/de\\\/#organization\"},\"potentialAction\":[{\"@type\":\"SearchAction\",\"target\":{\"@type\":\"EntryPoint\",\"urlTemplate\":\"https:\\\/\\\/www.olmiplast.ch\\\/de\\\/?s={search_term_string}\"},\"query-input\":{\"@type\":\"PropertyValueSpecification\",\"valueRequired\":true,\"valueName\":\"search_term_string\"}}],\"inLanguage\":\"de-CH\"},{\"@type\":\"Organization\",\"@id\":\"https:\\\/\\\/www.olmiplast.ch\\\/de\\\/#organization\",\"name\":\"Olmiplast\",\"url\":\"https:\\\/\\\/www.olmiplast.ch\\\/de\\\/\",\"logo\":{\"@type\":\"ImageObject\",\"inLanguage\":\"de-CH\",\"@id\":\"https:\\\/\\\/www.olmiplast.ch\\\/de\\\/#\\\/schema\\\/logo\\\/image\\\/\",\"url\":\"https:\\\/\\\/www.olmiplast.ch\\\/wp-content\\\/uploads\\\/2018\\\/06\\\/fabricant-emballage-plastique-souple-rigide.png\",\"contentUrl\":\"https:\\\/\\\/www.olmiplast.ch\\\/wp-content\\\/uploads\\\/2018\\\/06\\\/fabricant-emballage-plastique-souple-rigide.png\",\"width\":207,\"height\":147,\"caption\":\"Olmiplast\"},\"image\":{\"@id\":\"https:\\\/\\\/www.olmiplast.ch\\\/de\\\/#\\\/schema\\\/logo\\\/image\\\/\"}}]}<\/script>\n<!-- \/ Yoast SEO plugin. -->","yoast_head_json":{"title":"Herstellung von Kunststoffh\u00fcllen f\u00fcr Autopapiere, Kunststoffh\u00fcllen und PVC-Etuis","description":"Herstellung von Transportscheinh\u00fcllen, Schutzetuis f\u00fcr Autopapiere und Versicherungsvignetten-H\u00fcllen. Beantragen Sie Ihren Kostenvoranschlag online.","robots":{"index":"index","follow":"follow","max-snippet":"max-snippet:-1","max-image-preview":"max-image-preview:large","max-video-preview":"max-video-preview:-1"},"canonical":"https:\/\/www.olmiplast.ch\/de\/automobilbranche-transport\/","og_locale":"de_DE","og_type":"article","og_title":"Herstellung von Kunststoffh\u00fcllen f\u00fcr Autopapiere, Kunststoffh\u00fcllen und PVC-Etuis","og_description":"Herstellung von Transportscheinh\u00fcllen, Schutzetuis f\u00fcr Autopapiere und Versicherungsvignetten-H\u00fcllen. Beantragen Sie Ihren Kostenvoranschlag online.","og_url":"https:\/\/www.olmiplast.ch\/de\/automobilbranche-transport\/","og_site_name":"Olmiplast","article_modified_time":"2023-12-06T12:28:08+00:00","twitter_card":"summary_large_image","twitter_misc":{"Gesch\u00e4tzte Lesezeit":"2\u00a0Minuten"},"schema":{"@context":"https:\/\/schema.org","@graph":[{"@type":"WebPage","@id":"https:\/\/www.olmiplast.ch\/de\/automobilbranche-transport\/","url":"https:\/\/www.olmiplast.ch\/de\/automobilbranche-transport\/","name":"Herstellung von Kunststoffh\u00fcllen f\u00fcr Autopapiere, Kunststoffh\u00fcllen und PVC-Etuis","isPartOf":{"@id":"https:\/\/www.olmiplast.ch\/de\/#website"},"datePublished":"2018-04-13T15:32:57+00:00","dateModified":"2023-12-06T12:28:08+00:00","description":"Herstellung von Transportscheinh\u00fcllen, Schutzetuis f\u00fcr Autopapiere und Versicherungsvignetten-H\u00fcllen. Beantragen Sie Ihren Kostenvoranschlag online.","inLanguage":"de-CH","potentialAction":[{"@type":"ReadAction","target":["https:\/\/www.olmiplast.ch\/de\/automobilbranche-transport\/"]}]},{"@type":"WebSite","@id":"https:\/\/www.olmiplast.ch\/de\/#website","url":"https:\/\/www.olmiplast.ch\/de\/","name":"Olmiplast","description":"Fourre plastique, pochette et article de classement plastique","publisher":{"@id":"https:\/\/www.olmiplast.ch\/de\/#organization"},"potentialAction":[{"@type":"SearchAction","target":{"@type":"EntryPoint","urlTemplate":"https:\/\/www.olmiplast.ch\/de\/?s={search_term_string}"},"query-input":{"@type":"PropertyValueSpecification","valueRequired":true,"valueName":"search_term_string"}}],"inLanguage":"de-CH"},{"@type":"Organization","@id":"https:\/\/www.olmiplast.ch\/de\/#organization","name":"Olmiplast","url":"https:\/\/www.olmiplast.ch\/de\/","logo":{"@type":"ImageObject","inLanguage":"de-CH","@id":"https:\/\/www.olmiplast.ch\/de\/#\/schema\/logo\/image\/","url":"https:\/\/www.olmiplast.ch\/wp-content\/uploads\/2018\/06\/fabricant-emballage-plastique-souple-rigide.png","contentUrl":"https:\/\/www.olmiplast.ch\/wp-content\/uploads\/2018\/06\/fabricant-emballage-plastique-souple-rigide.png","width":207,"height":147,"caption":"Olmiplast"},"image":{"@id":"https:\/\/www.olmiplast.ch\/de\/#\/schema\/logo\/image\/"}}]}},"_links":{"self":[{"href":"https:\/\/www.olmiplast.ch\/de\/wp-json\/wp\/v2\/pages\/2541","targetHints":{"allow":["GET"]}}],"collection":[{"href":"https:\/\/www.olmiplast.ch\/de\/wp-json\/wp\/v2\/pages"}],"about":[{"href":"https:\/\/www.olmiplast.ch\/de\/wp-json\/wp\/v2\/types\/page"}],"author":[{"embeddable":true,"href":"https:\/\/www.olmiplast.ch\/de\/wp-json\/wp\/v2\/users\/1"}],"replies":[{"embeddable":true,"href":"https:\/\/www.olmiplast.ch\/de\/wp-json\/wp\/v2\/comments?post=2541"}],"version-history":[{"count":4,"href":"https:\/\/www.olmiplast.ch\/de\/wp-json\/wp\/v2\/pages\/2541\/revisions"}],"predecessor-version":[{"id":2954,"href":"https:\/\/www.olmiplast.ch\/de\/wp-json\/wp\/v2\/pages\/2541\/revisions\/2954"}],"wp:attachment":[{"href":"https:\/\/www.olmiplast.ch\/de\/wp-json\/wp\/v2\/media?parent=2541"}],"curies":[{"name":"wp","href":"https:\/\/api.w.org\/{rel}","templated":true}]}}