{"id":2524,"date":"2018-03-30T11:44:05","date_gmt":"2018-03-30T09:44:05","guid":{"rendered":"https:\/\/www.olmiplast.ch\/?page_id=2524"},"modified":"2023-12-18T18:18:56","modified_gmt":"2023-12-18T17:18:56","slug":"zubehor","status":"publish","type":"page","link":"https:\/\/www.olmiplast.ch\/de\/zubehor\/","title":{"rendered":"Zubeh\u00f6r"},"content":{"rendered":"<p>[vc_row full_width=&#187;stretch_row&#187; css=&#187;.vc_custom_1637588986905{background-image: url(https:\/\/www.olmiplast.ch\/wp-content\/uploads\/2021\/11\/textile-b.png?id=1103) !important;background-position: center !important;background-repeat: no-repeat !important;background-size: cover !important;}&#187;][vc_column][vc_separator color=&#187;black&#187; el_width=&#187;60&#8243;][vc_column_text]<\/p>\n<h2 style=\"text-align: center;\">AUSSTATTUNG PERSONALISIERTER VERPACKUNGEN MIT ZUBEH\u00d6R<\/h2>\n<p>[\/vc_column_text][vc_separator color=&#187;black&#187; el_width=&#187;60&#8243;][vc_column_text]<\/p>\n<p style=\"text-align: center;\">Wir arbeiten mit einem CAT-Ger\u00e4t, das zahlreiche manuelle <strong class=\"d2b\">Personalisierungsarbeiten<\/strong> an den Verpackungen f\u00fcr uns \u00fcbernimmt: Aufbringen von Klebstoff, Magnetverschl\u00fcssen oder Klettverschluss-Punkten, Einf\u00fchren von Flyern in H\u00fcllen, Einrast-Montage von Boxen, Wir stellen zudem verschiedene Zubeh\u00f6rteile her: \u00d6sen, Nieten, mechanische Elemente, F\u00e4den, Etiketten usw. Auch verf\u00fcgen wir \u00fcber die n\u00f6tigen Maschinen f\u00fcr das automatisierte Aufbringen von Haken beim <a href=\"https:\/\/www.olmiplast.ch\/de\/schweissen-und-anwendungsbereiche\/\">Verschweissen Ihrer Verpackungen<\/a>.Verschiedene Haken stehen zur Auswahl (Formen und Farben auf Lager oder Spezialanfertigungen).<\/p>\n<p>[\/vc_column_text][\/vc_column][\/vc_row][vc_row full_width=&#187;stretch_row_content&#187; equal_height=&#187;yes&#187;][vc_column width=&#187;1\/2&#8243;][vc_row_inner][vc_column_inner width=&#187;1\/3&#8243;][\/vc_column_inner][vc_column_inner width=&#187;2\/3&#8243;][vc_column_text]<\/p>\n<h3>Integrierter Haken<\/h3>\n<p>Der Haken wird automatisch beim Schweissen des Beutels integriert. Verschiedene Haken stehen zur Auswahl (Formen und Farben auf Lager oder Spezialanfertigungen).Verwendung finden sie haupts\u00e4chlich auf den geschweissten Verpackungen.[\/vc_column_text][\/vc_column_inner][\/vc_row_inner][\/vc_column][vc_column width=&#187;1\/2&#8243;][vc_row_inner][vc_column_inner width=&#187;2\/3&#8243;][vc_column_text]<\/p>\n<h3>System mit aufgesetztem Griff<\/h3>\n<p>F\u00fcr Etuis und Beutel geeignet: aufgeschweisster Griff auf dem Beutel. F\u00fcr K\u00f6fferchen und harte Verpackungen: Griffloch oder harter aufgesetzter Griff.[\/vc_column_text][\/vc_column_inner][vc_column_inner width=&#187;1\/3&#8243;][\/vc_column_inner][\/vc_row_inner][\/vc_column][\/vc_row][vc_row full_width=&#187;stretch_row_content&#187; equal_height=&#187;yes&#187;][vc_column width=&#187;1\/2&#8243;][vc_row_inner][vc_column_inner width=&#187;1\/3&#8243;][\/vc_column_inner][vc_column_inner width=&#187;2\/3&#8243;][vc_column_text]<\/p>\n<h3>\u00abPegboard\u00bb-System<\/h3>\n<p>Wir schweissen eine Form (Rund- oder Euroloch) ein und verst\u00e4rken sie mit einem Band aus einem steifen Material (transparent oder farbig). Zur Verst\u00e4rkung kann auch eine Metall\u00f6se eingesetzt werden. Wir verwenden sie insbesondere f\u00fcr die geschweissten Verpackungen.[\/vc_column_text][\/vc_column_inner][\/vc_row_inner][\/vc_column][vc_column width=&#187;1\/2&#8243;][vc_row_inner][vc_column_inner width=&#187;2\/3&#8243;][vc_column_text]<\/p>\n<h3><strong>Textilgriff<\/strong><\/h3>\n<p>F\u00fcr alle Produkte: Ausstattung mit einem oder mehreren Textilgriffen (Material, Dicke, Farbe und L\u00e4nge m\u00fcssen definiert werden).[\/vc_column_text][\/vc_column_inner][vc_column_inner width=&#187;1\/3&#8243;][\/vc_column_inner][\/vc_row_inner][\/vc_column][\/vc_row][vc_row][vc_column width=&#187;1\/4&#8243;][\/vc_column][vc_column width=&#187;1\/2&#8243;][vc_media_grid item=&#187;1849&#8243; grid_id=&#187;vc_gid:1702919931397-cef1c8be-daa0-5&#8243; include=&#187;2795,2801,2803&#8243;][\/vc_column][vc_column width=&#187;1\/4&#8243;][\/vc_column][\/vc_row][vc_row full_width=&#187;stretch_row_content&#187; content_placement=&#187;middle&#187; css=&#187;.vc_custom_1637313529475{margin-top: 0px !important;margin-right: 0px !important;margin-bottom: 0px !important;margin-left: 0px !important;padding-top: 0px !important;padding-right: 0px !important;padding-bottom: 0px !important;padding-left: 0px !important;}&#187;][vc_column][vc_row_inner][vc_column_inner width=&#187;1\/3&#8243;][\/vc_column_inner][vc_column_inner width=&#187;1\/3&#8243; css=&#187;.vc_custom_1637313571039{background-color: #52a7d9 !important;}&#187;][vc_column_text]<span class=\"fort\">Ben\u00f6tigen Sie weitere Informationen?<\/span><\/p>\n<p><span class=\"fort\">W\u00fcnschen Sie einen Kostenvoranschlag?<\/span>[\/vc_column_text][vc_btn title=&#187;KONTAKTIEREN SIE UNS&#187; style=&#187;custom&#187; custom_background=&#187;#303030&#8243; custom_text=&#187;#ffffff&#187; shape=&#187;square&#187; size=&#187;lg&#187; align=&#187;center&#187; link=&#187;url:https%3A%2F%2Fwww.olmiplast.ch%2Fde%2Fkontakt&#187;][\/vc_column_inner][vc_column_inner width=&#187;1\/3&#8243;][\/vc_column_inner][\/vc_row_inner][\/vc_column][\/vc_row]<\/p>\n","protected":false},"excerpt":{"rendered":"<p>[vc_row full_width=&#187;stretch_row&#187; css=&#187;.vc_custom_1637588986905{background-image: url(https:\/\/www.olmiplast.ch\/wp-content\/uploads\/2021\/11\/textile-b.png?id=1103) !important;background-position: center !important;background-repeat: no-repeat !important;background-size: cover !important;}&#187;][vc_column][vc_separator color=&#187;black&#187; el_width=&#187;60&#8243;][vc_column_text] AUSSTATTUNG PERSONALISIERTER VERPACKUNGEN MIT ZUBEH\u00d6R [\/vc_column_text][vc_separator color=&#187;black&#187; el_width=&#187;60&#8243;][vc_column_text] Wir arbeiten mit einem CAT-Ger\u00e4t,<span class=\"excerpt-hellip\"> [\u2026]<\/span><\/p>\n","protected":false},"author":1,"featured_media":0,"parent":0,"menu_order":0,"comment_status":"closed","ping_status":"closed","template":"","meta":{"footnotes":""},"class_list":["post-2524","page","type-page","status-publish","hentry"],"yoast_head":"<!-- This site is optimized with the Yoast SEO plugin v27.6 - https:\/\/yoast.com\/product\/yoast-seo-wordpress\/ -->\n<title>Personalisierung von PVC-H\u00fcllen, Personalisierung weicher und harter Verpackungen<\/title>\n<meta name=\"description\" content=\"Wir statten f\u00fcr Sie alle Kunststoffprodukte in unserem Sortiment mit diversem personalisiertem Zubeh\u00f6r: Druckkn\u00f6pfe, Haken, Klettverschl\u00fcsse, Griffe, usw.\" \/>\n<meta name=\"robots\" content=\"index, follow, max-snippet:-1, max-image-preview:large, max-video-preview:-1\" \/>\n<link rel=\"canonical\" href=\"https:\/\/www.olmiplast.ch\/de\/zubehor\/\" \/>\n<meta property=\"og:locale\" content=\"de_DE\" \/>\n<meta property=\"og:type\" content=\"article\" \/>\n<meta property=\"og:title\" content=\"Personalisierung von PVC-H\u00fcllen, Personalisierung weicher und harter Verpackungen\" \/>\n<meta property=\"og:description\" content=\"Wir statten f\u00fcr Sie alle Kunststoffprodukte in unserem Sortiment mit diversem personalisiertem Zubeh\u00f6r: Druckkn\u00f6pfe, Haken, Klettverschl\u00fcsse, Griffe, usw.\" \/>\n<meta property=\"og:url\" content=\"https:\/\/www.olmiplast.ch\/de\/zubehor\/\" \/>\n<meta property=\"og:site_name\" content=\"Olmiplast\" \/>\n<meta property=\"article:modified_time\" content=\"2023-12-18T17:18:56+00:00\" \/>\n<meta name=\"twitter:card\" content=\"summary_large_image\" \/>\n<meta name=\"twitter:label1\" content=\"Gesch\u00e4tzte Lesezeit\" \/>\n\t<meta name=\"twitter:data1\" content=\"3\u00a0Minuten\" \/>\n<script type=\"application\/ld+json\" class=\"yoast-schema-graph\">{\"@context\":\"https:\\\/\\\/schema.org\",\"@graph\":[{\"@type\":\"WebPage\",\"@id\":\"https:\\\/\\\/www.olmiplast.ch\\\/de\\\/zubehor\\\/\",\"url\":\"https:\\\/\\\/www.olmiplast.ch\\\/de\\\/zubehor\\\/\",\"name\":\"Personalisierung von PVC-H\u00fcllen, Personalisierung weicher und harter Verpackungen\",\"isPartOf\":{\"@id\":\"https:\\\/\\\/www.olmiplast.ch\\\/de\\\/#website\"},\"datePublished\":\"2018-03-30T09:44:05+00:00\",\"dateModified\":\"2023-12-18T17:18:56+00:00\",\"description\":\"Wir statten f\u00fcr Sie alle Kunststoffprodukte in unserem Sortiment mit diversem personalisiertem Zubeh\u00f6r: Druckkn\u00f6pfe, Haken, Klettverschl\u00fcsse, Griffe, usw.\",\"inLanguage\":\"de-CH\",\"potentialAction\":[{\"@type\":\"ReadAction\",\"target\":[\"https:\\\/\\\/www.olmiplast.ch\\\/de\\\/zubehor\\\/\"]}]},{\"@type\":\"WebSite\",\"@id\":\"https:\\\/\\\/www.olmiplast.ch\\\/de\\\/#website\",\"url\":\"https:\\\/\\\/www.olmiplast.ch\\\/de\\\/\",\"name\":\"Olmiplast\",\"description\":\"Fourre plastique, pochette et article de classement plastique\",\"publisher\":{\"@id\":\"https:\\\/\\\/www.olmiplast.ch\\\/de\\\/#organization\"},\"potentialAction\":[{\"@type\":\"SearchAction\",\"target\":{\"@type\":\"EntryPoint\",\"urlTemplate\":\"https:\\\/\\\/www.olmiplast.ch\\\/de\\\/?s={search_term_string}\"},\"query-input\":{\"@type\":\"PropertyValueSpecification\",\"valueRequired\":true,\"valueName\":\"search_term_string\"}}],\"inLanguage\":\"de-CH\"},{\"@type\":\"Organization\",\"@id\":\"https:\\\/\\\/www.olmiplast.ch\\\/de\\\/#organization\",\"name\":\"Olmiplast\",\"url\":\"https:\\\/\\\/www.olmiplast.ch\\\/de\\\/\",\"logo\":{\"@type\":\"ImageObject\",\"inLanguage\":\"de-CH\",\"@id\":\"https:\\\/\\\/www.olmiplast.ch\\\/de\\\/#\\\/schema\\\/logo\\\/image\\\/\",\"url\":\"https:\\\/\\\/www.olmiplast.ch\\\/wp-content\\\/uploads\\\/2018\\\/06\\\/fabricant-emballage-plastique-souple-rigide.png\",\"contentUrl\":\"https:\\\/\\\/www.olmiplast.ch\\\/wp-content\\\/uploads\\\/2018\\\/06\\\/fabricant-emballage-plastique-souple-rigide.png\",\"width\":207,\"height\":147,\"caption\":\"Olmiplast\"},\"image\":{\"@id\":\"https:\\\/\\\/www.olmiplast.ch\\\/de\\\/#\\\/schema\\\/logo\\\/image\\\/\"}}]}<\/script>\n<!-- \/ Yoast SEO plugin. -->","yoast_head_json":{"title":"Personalisierung von PVC-H\u00fcllen, Personalisierung weicher und harter Verpackungen","description":"Wir statten f\u00fcr Sie alle Kunststoffprodukte in unserem Sortiment mit diversem personalisiertem Zubeh\u00f6r: Druckkn\u00f6pfe, Haken, Klettverschl\u00fcsse, Griffe, usw.","robots":{"index":"index","follow":"follow","max-snippet":"max-snippet:-1","max-image-preview":"max-image-preview:large","max-video-preview":"max-video-preview:-1"},"canonical":"https:\/\/www.olmiplast.ch\/de\/zubehor\/","og_locale":"de_DE","og_type":"article","og_title":"Personalisierung von PVC-H\u00fcllen, Personalisierung weicher und harter Verpackungen","og_description":"Wir statten f\u00fcr Sie alle Kunststoffprodukte in unserem Sortiment mit diversem personalisiertem Zubeh\u00f6r: Druckkn\u00f6pfe, Haken, Klettverschl\u00fcsse, Griffe, usw.","og_url":"https:\/\/www.olmiplast.ch\/de\/zubehor\/","og_site_name":"Olmiplast","article_modified_time":"2023-12-18T17:18:56+00:00","twitter_card":"summary_large_image","twitter_misc":{"Gesch\u00e4tzte Lesezeit":"3\u00a0Minuten"},"schema":{"@context":"https:\/\/schema.org","@graph":[{"@type":"WebPage","@id":"https:\/\/www.olmiplast.ch\/de\/zubehor\/","url":"https:\/\/www.olmiplast.ch\/de\/zubehor\/","name":"Personalisierung von PVC-H\u00fcllen, Personalisierung weicher und harter Verpackungen","isPartOf":{"@id":"https:\/\/www.olmiplast.ch\/de\/#website"},"datePublished":"2018-03-30T09:44:05+00:00","dateModified":"2023-12-18T17:18:56+00:00","description":"Wir statten f\u00fcr Sie alle Kunststoffprodukte in unserem Sortiment mit diversem personalisiertem Zubeh\u00f6r: Druckkn\u00f6pfe, Haken, Klettverschl\u00fcsse, Griffe, usw.","inLanguage":"de-CH","potentialAction":[{"@type":"ReadAction","target":["https:\/\/www.olmiplast.ch\/de\/zubehor\/"]}]},{"@type":"WebSite","@id":"https:\/\/www.olmiplast.ch\/de\/#website","url":"https:\/\/www.olmiplast.ch\/de\/","name":"Olmiplast","description":"Fourre plastique, pochette et article de classement plastique","publisher":{"@id":"https:\/\/www.olmiplast.ch\/de\/#organization"},"potentialAction":[{"@type":"SearchAction","target":{"@type":"EntryPoint","urlTemplate":"https:\/\/www.olmiplast.ch\/de\/?s={search_term_string}"},"query-input":{"@type":"PropertyValueSpecification","valueRequired":true,"valueName":"search_term_string"}}],"inLanguage":"de-CH"},{"@type":"Organization","@id":"https:\/\/www.olmiplast.ch\/de\/#organization","name":"Olmiplast","url":"https:\/\/www.olmiplast.ch\/de\/","logo":{"@type":"ImageObject","inLanguage":"de-CH","@id":"https:\/\/www.olmiplast.ch\/de\/#\/schema\/logo\/image\/","url":"https:\/\/www.olmiplast.ch\/wp-content\/uploads\/2018\/06\/fabricant-emballage-plastique-souple-rigide.png","contentUrl":"https:\/\/www.olmiplast.ch\/wp-content\/uploads\/2018\/06\/fabricant-emballage-plastique-souple-rigide.png","width":207,"height":147,"caption":"Olmiplast"},"image":{"@id":"https:\/\/www.olmiplast.ch\/de\/#\/schema\/logo\/image\/"}}]}},"_links":{"self":[{"href":"https:\/\/www.olmiplast.ch\/de\/wp-json\/wp\/v2\/pages\/2524","targetHints":{"allow":["GET"]}}],"collection":[{"href":"https:\/\/www.olmiplast.ch\/de\/wp-json\/wp\/v2\/pages"}],"about":[{"href":"https:\/\/www.olmiplast.ch\/de\/wp-json\/wp\/v2\/types\/page"}],"author":[{"embeddable":true,"href":"https:\/\/www.olmiplast.ch\/de\/wp-json\/wp\/v2\/users\/1"}],"replies":[{"embeddable":true,"href":"https:\/\/www.olmiplast.ch\/de\/wp-json\/wp\/v2\/comments?post=2524"}],"version-history":[{"count":6,"href":"https:\/\/www.olmiplast.ch\/de\/wp-json\/wp\/v2\/pages\/2524\/revisions"}],"predecessor-version":[{"id":3015,"href":"https:\/\/www.olmiplast.ch\/de\/wp-json\/wp\/v2\/pages\/2524\/revisions\/3015"}],"wp:attachment":[{"href":"https:\/\/www.olmiplast.ch\/de\/wp-json\/wp\/v2\/media?parent=2524"}],"curies":[{"name":"wp","href":"https:\/\/api.w.org\/{rel}","templated":true}]}}