{"id":2518,"date":"2018-03-30T11:43:23","date_gmt":"2018-03-30T09:43:23","guid":{"rendered":"https:\/\/www.olmiplast.ch\/zuschneiden-von-verpackungen\/"},"modified":"2023-12-06T18:50:04","modified_gmt":"2023-12-06T17:50:04","slug":"zuschneiden-von-verpackungen","status":"publish","type":"page","link":"https:\/\/www.olmiplast.ch\/de\/zuschneiden-von-verpackungen\/","title":{"rendered":"Zuschneiden von Verpackungen"},"content":{"rendered":"<p>[vc_row full_width=&#187;stretch_row&#187; css=&#187;.vc_custom_1637339074476{background-image: url(https:\/\/www.olmiplast.ch\/wp-content\/uploads\/2021\/11\/decoupe.png?id=1098) !important;background-position: center !important;background-repeat: no-repeat !important;background-size: cover !important;}&#187;][vc_column][vc_separator color=&#187;black&#187; el_width=&#187;60&#8243;][vc_column_text]<\/p>\n<h2 style=\"text-align: center;\">Zuschneiden von Verpackungen mit automatischer Plattenpresse<\/h2>\n<p>[\/vc_column_text][vc_separator color=&#187;black&#187; el_width=&#187;60&#8243;][vc_column_text]<\/p>\n<p style=\"text-align: center;\">Wir verf\u00fcgen \u00fcber eine automatische Plattenpresse zum Formschneiden von Papierbl\u00e4ttern, Karton oder synthetischem Material (PP, PVC, usw.).Unsere automatische Schneideanlage erm\u00f6glicht uns die Anpassung an die verschiedenen Serien unserer Kundschaft. Mithilfe dieser Maschinen k\u00f6nnen wir jegliche Art von harten Tr\u00e4gern herstellen. Unsere Schneidewerkzeuge werden allen Ihren Anforderungen gerecht.<\/p>\n<p>[\/vc_column_text][\/vc_column][\/vc_row][vc_row][vc_column width=&#187;1\/2&#8243;][vc_column_text]Mit umfangreichem Knowhow in Sachen\u00a0<strong class=\"d2b\">Formschneideverfahren<\/strong>\u00a0bietet Ihnen Olmiplast einmalige personalisierte Ergebnisse.<\/p>\n<p>Alle Formen k\u00f6nnen geschnitten werden: rund, oval, mit Kurven, falt- und montagebereit.<\/p>\n<p>Durch den Zuschnitt erh\u00e4lt der Tr\u00e4ger seine endg\u00fcltige Form. Beim Schneiden entstehen verschiedene Produkte: Mappen, Boxen, Notizblockhalter, Hinweisschilder, Ordner, K\u00f6fferchen, H\u00fcllen, usw.[\/vc_column_text][\/vc_column][vc_column width=&#187;1\/2&#8243;][vc_media_grid grid_id=&#187;vc_gid:1701884761472-7951d314-dc20-9&#8243; include=&#187;2944,2946&#8243;][\/vc_column][\/vc_row][vc_row full_width=&#187;stretch_row&#187; css=&#187;.vc_custom_1637338177176{margin-top: 20px !important;margin-bottom: 0px !important;background-color: #52a7d9 !important;}&#187; el_class=&#187;txt-blanc&#187;][vc_column][vc_separator color=&#187;white&#187; el_width=&#187;60&#8243;][vc_column_text]<\/p>\n<h3 style=\"text-align: center;\">Schneiden einer Mappe nach Mass: m\u00f6glich ist alles!<\/h3>\n<p>[\/vc_column_text][vc_separator color=&#187;white&#187; el_width=&#187;60&#8243;][\/vc_column][\/vc_row][vc_row full_width=&#187;stretch_row_content&#187; equal_height=&#187;yes&#187; content_placement=&#187;middle&#187; el_class=&#187;txt-blanc&#187; css=&#187;.vc_custom_1642582699596{margin-top: 0px !important;margin-bottom: 0px !important;}&#187;][vc_column width=&#187;1\/2&#8243; css=&#187;.vc_custom_1637337627559{background-color: #71b9e2 !important;}&#187;][vc_row_inner][vc_column_inner width=&#187;1\/3&#8243;][\/vc_column_inner][vc_column_inner width=&#187;2\/3&#8243;][vc_single_image image=&#187;2948&#8243; img_size=&#187;full&#187; alignment=&#187;center&#187;][\/vc_column_inner][\/vc_row_inner][\/vc_column][vc_column width=&#187;1\/2&#8243; css=&#187;.vc_custom_1637337639603{background-color: #81c3ea !important;}&#187;][vc_row_inner][vc_column_inner width=&#187;2\/3&#8243;][vc_column_text]Nehmen wir an, wir brauchen ein Schneidewerkzeug f\u00fcr eine Mappe.<\/p>\n<p>Um das gew\u00fcnschte Ergebnis zu gew\u00e4hrleisten, stellen wir ein Schneidewerkzeug aus faltenden oder schneidenden Metallgittern her. Dieses Werkzeug wird in spezielle Pressen eingespannt und durch den Druck erh\u00e4lt das Dokument in der Maschine die gew\u00fcnschte Form. Anschliessend wird es aus der Presse entfernt, zusammengesetzt und gefaltet.<\/p>\n<p>F\u00fcr das <strong class=\"d2b\">Formschneiden<\/strong>\u00a0von\u00a0<strong class=\"d2b\">Papierbl\u00e4ttern<\/strong>,\u00a0<strong class=\"d2b\">Karton<\/strong>, und\u00a0<strong class=\"d2b\">synthetischem Material<\/strong>\u00a0(PP, PVC) in kleiner oder mittelgrosser Serie verwenden wir unsere automatische Plattenpresse.[\/vc_column_text][\/vc_column_inner][vc_column_inner width=&#187;1\/3&#8243;][\/vc_column_inner][\/vc_row_inner][\/vc_column][\/vc_row][vc_row full_width=&#187;stretch_row&#187; css=&#187;.vc_custom_1642582782893{margin-top: 20px !important;margin-bottom: 0px !important;}&#187;][vc_column][vc_separator color=&#187;black&#187; el_width=&#187;60&#8243;][vc_column_text]<\/p>\n<h3 style=\"text-align: center;\">Schneiden harter Tr\u00e4ger in der automatisierten Schneideanlage<\/h3>\n<p>[\/vc_column_text][vc_separator color=&#187;black&#187; el_width=&#187;60&#8243;][\/vc_column][\/vc_row][vc_row][vc_column width=&#187;1\/2&#8243;][vc_column_text]Unsere automatisierte Schneideanlage erm\u00f6glicht uns die Fertigung grosser Serien f\u00fcr unsere Kundschaft.<\/p>\n<p>Mit diesen Maschinen k\u00f6nnen alle Arten harter Tr\u00e4ger verarbeitet werden.[\/vc_column_text][\/vc_column][vc_column width=&#187;1\/2&#8243;][vc_single_image image=&#187;2950&#8243; img_size=&#187;full&#187; alignment=&#187;center&#187;][\/vc_column][\/vc_row][vc_row full_width=&#187;stretch_row_content&#187; content_placement=&#187;middle&#187; css=&#187;.vc_custom_1637313529475{margin-top: 0px !important;margin-right: 0px !important;margin-bottom: 0px !important;margin-left: 0px !important;padding-top: 0px !important;padding-right: 0px !important;padding-bottom: 0px !important;padding-left: 0px !important;}&#187;][vc_column][vc_row_inner][vc_column_inner width=&#187;1\/3&#8243;][\/vc_column_inner][vc_column_inner width=&#187;1\/3&#8243; css=&#187;.vc_custom_1637313571039{background-color: #52a7d9 !important;}&#187;][vc_column_text]<\/p>\n<p><span class=\"fort\">Ben\u00f6tigen Sie weitere Informationen?<\/span><\/p>\n<p><span class=\"fort\">W\u00fcnschen Sie einen Kostenvoranschlag?<\/span><\/p>\n<p>[\/vc_column_text][vc_btn title=&#187;KONTAKTIEREN SIE UNS&#187; style=&#187;custom&#187; custom_background=&#187;#303030&#8243; custom_text=&#187;#ffffff&#187; shape=&#187;square&#187; size=&#187;lg&#187; align=&#187;center&#187; link=&#187;url:https%3A%2F%2Fwww.olmiplast.ch%2Fde%2Fkontakt|&#187;][\/vc_column_inner][vc_column_inner width=&#187;1\/3&#8243;][\/vc_column_inner][\/vc_row_inner][\/vc_column][\/vc_row]<\/p>\n","protected":false},"excerpt":{"rendered":"<p>[vc_row full_width=&#187;stretch_row&#187; css=&#187;.vc_custom_1637339074476{background-image: url(https:\/\/www.olmiplast.ch\/wp-content\/uploads\/2021\/11\/decoupe.png?id=1098) !important;background-position: center !important;background-repeat: no-repeat !important;background-size: cover !important;}&#187;][vc_column][vc_separator color=&#187;black&#187; el_width=&#187;60&#8243;][vc_column_text] Zuschneiden von Verpackungen mit automatischer Plattenpresse [\/vc_column_text][vc_separator color=&#187;black&#187; el_width=&#187;60&#8243;][vc_column_text] Wir verf\u00fcgen \u00fcber eine<span class=\"excerpt-hellip\"> [\u2026]<\/span><\/p>\n","protected":false},"author":1,"featured_media":0,"parent":0,"menu_order":0,"comment_status":"closed","ping_status":"closed","template":"","meta":{"footnotes":""},"class_list":["post-2518","page","type-page","status-publish","hentry"],"yoast_head":"<!-- This site is optimized with the Yoast SEO plugin v27.5 - https:\/\/yoast.com\/product\/yoast-seo-wordpress\/ -->\n<title>Schneidearbeiten zur Personalisierung Ihrer Verpackungen, Zuschneiden personalisierter harter Tr\u00e4ger<\/title>\n<meta name=\"description\" content=\"Olmiplast verf\u00fcgt \u00fcber eine automatische Plattenpresse zum Formschneiden von Papierbl\u00e4ttern, Karton oder synthetischem Material (PP, PVC, usw.). Kontaktieren Sie uns f\u00fcr weitere Informationen!\" \/>\n<meta name=\"robots\" content=\"index, follow, max-snippet:-1, max-image-preview:large, max-video-preview:-1\" \/>\n<link rel=\"canonical\" href=\"https:\/\/www.olmiplast.ch\/de\/zuschneiden-von-verpackungen\/\" \/>\n<meta property=\"og:locale\" content=\"de_DE\" \/>\n<meta property=\"og:type\" content=\"article\" \/>\n<meta property=\"og:title\" content=\"Schneidearbeiten zur Personalisierung Ihrer Verpackungen, Zuschneiden personalisierter harter Tr\u00e4ger\" \/>\n<meta property=\"og:description\" content=\"Olmiplast verf\u00fcgt \u00fcber eine automatische Plattenpresse zum Formschneiden von Papierbl\u00e4ttern, Karton oder synthetischem Material (PP, PVC, usw.). Kontaktieren Sie uns f\u00fcr weitere Informationen!\" \/>\n<meta property=\"og:url\" content=\"https:\/\/www.olmiplast.ch\/de\/zuschneiden-von-verpackungen\/\" \/>\n<meta property=\"og:site_name\" content=\"Olmiplast\" \/>\n<meta property=\"article:modified_time\" content=\"2023-12-06T17:50:04+00:00\" \/>\n<meta name=\"twitter:card\" content=\"summary_large_image\" \/>\n<meta name=\"twitter:label1\" content=\"Gesch\u00e4tzte Lesezeit\" \/>\n\t<meta name=\"twitter:data1\" content=\"3\u00a0Minuten\" \/>\n<script type=\"application\/ld+json\" class=\"yoast-schema-graph\">{\"@context\":\"https:\\\/\\\/schema.org\",\"@graph\":[{\"@type\":\"WebPage\",\"@id\":\"https:\\\/\\\/www.olmiplast.ch\\\/de\\\/zuschneiden-von-verpackungen\\\/\",\"url\":\"https:\\\/\\\/www.olmiplast.ch\\\/de\\\/zuschneiden-von-verpackungen\\\/\",\"name\":\"Schneidearbeiten zur Personalisierung Ihrer Verpackungen, Zuschneiden personalisierter harter Tr\u00e4ger\",\"isPartOf\":{\"@id\":\"https:\\\/\\\/www.olmiplast.ch\\\/de\\\/#website\"},\"datePublished\":\"2018-03-30T09:43:23+00:00\",\"dateModified\":\"2023-12-06T17:50:04+00:00\",\"description\":\"Olmiplast verf\u00fcgt \u00fcber eine automatische Plattenpresse zum Formschneiden von Papierbl\u00e4ttern, Karton oder synthetischem Material (PP, PVC, usw.). Kontaktieren Sie uns f\u00fcr weitere Informationen!\",\"inLanguage\":\"de-CH\",\"potentialAction\":[{\"@type\":\"ReadAction\",\"target\":[\"https:\\\/\\\/www.olmiplast.ch\\\/de\\\/zuschneiden-von-verpackungen\\\/\"]}]},{\"@type\":\"WebSite\",\"@id\":\"https:\\\/\\\/www.olmiplast.ch\\\/de\\\/#website\",\"url\":\"https:\\\/\\\/www.olmiplast.ch\\\/de\\\/\",\"name\":\"Olmiplast\",\"description\":\"Fourre plastique, pochette et article de classement plastique\",\"publisher\":{\"@id\":\"https:\\\/\\\/www.olmiplast.ch\\\/de\\\/#organization\"},\"potentialAction\":[{\"@type\":\"SearchAction\",\"target\":{\"@type\":\"EntryPoint\",\"urlTemplate\":\"https:\\\/\\\/www.olmiplast.ch\\\/de\\\/?s={search_term_string}\"},\"query-input\":{\"@type\":\"PropertyValueSpecification\",\"valueRequired\":true,\"valueName\":\"search_term_string\"}}],\"inLanguage\":\"de-CH\"},{\"@type\":\"Organization\",\"@id\":\"https:\\\/\\\/www.olmiplast.ch\\\/de\\\/#organization\",\"name\":\"Olmiplast\",\"url\":\"https:\\\/\\\/www.olmiplast.ch\\\/de\\\/\",\"logo\":{\"@type\":\"ImageObject\",\"inLanguage\":\"de-CH\",\"@id\":\"https:\\\/\\\/www.olmiplast.ch\\\/de\\\/#\\\/schema\\\/logo\\\/image\\\/\",\"url\":\"https:\\\/\\\/www.olmiplast.ch\\\/wp-content\\\/uploads\\\/2018\\\/06\\\/fabricant-emballage-plastique-souple-rigide.png\",\"contentUrl\":\"https:\\\/\\\/www.olmiplast.ch\\\/wp-content\\\/uploads\\\/2018\\\/06\\\/fabricant-emballage-plastique-souple-rigide.png\",\"width\":207,\"height\":147,\"caption\":\"Olmiplast\"},\"image\":{\"@id\":\"https:\\\/\\\/www.olmiplast.ch\\\/de\\\/#\\\/schema\\\/logo\\\/image\\\/\"}}]}<\/script>\n<!-- \/ Yoast SEO plugin. -->","yoast_head_json":{"title":"Schneidearbeiten zur Personalisierung Ihrer Verpackungen, Zuschneiden personalisierter harter Tr\u00e4ger","description":"Olmiplast verf\u00fcgt \u00fcber eine automatische Plattenpresse zum Formschneiden von Papierbl\u00e4ttern, Karton oder synthetischem Material (PP, PVC, usw.). Kontaktieren Sie uns f\u00fcr weitere Informationen!","robots":{"index":"index","follow":"follow","max-snippet":"max-snippet:-1","max-image-preview":"max-image-preview:large","max-video-preview":"max-video-preview:-1"},"canonical":"https:\/\/www.olmiplast.ch\/de\/zuschneiden-von-verpackungen\/","og_locale":"de_DE","og_type":"article","og_title":"Schneidearbeiten zur Personalisierung Ihrer Verpackungen, Zuschneiden personalisierter harter Tr\u00e4ger","og_description":"Olmiplast verf\u00fcgt \u00fcber eine automatische Plattenpresse zum Formschneiden von Papierbl\u00e4ttern, Karton oder synthetischem Material (PP, PVC, usw.). Kontaktieren Sie uns f\u00fcr weitere Informationen!","og_url":"https:\/\/www.olmiplast.ch\/de\/zuschneiden-von-verpackungen\/","og_site_name":"Olmiplast","article_modified_time":"2023-12-06T17:50:04+00:00","twitter_card":"summary_large_image","twitter_misc":{"Gesch\u00e4tzte Lesezeit":"3\u00a0Minuten"},"schema":{"@context":"https:\/\/schema.org","@graph":[{"@type":"WebPage","@id":"https:\/\/www.olmiplast.ch\/de\/zuschneiden-von-verpackungen\/","url":"https:\/\/www.olmiplast.ch\/de\/zuschneiden-von-verpackungen\/","name":"Schneidearbeiten zur Personalisierung Ihrer Verpackungen, Zuschneiden personalisierter harter Tr\u00e4ger","isPartOf":{"@id":"https:\/\/www.olmiplast.ch\/de\/#website"},"datePublished":"2018-03-30T09:43:23+00:00","dateModified":"2023-12-06T17:50:04+00:00","description":"Olmiplast verf\u00fcgt \u00fcber eine automatische Plattenpresse zum Formschneiden von Papierbl\u00e4ttern, Karton oder synthetischem Material (PP, PVC, usw.). Kontaktieren Sie uns f\u00fcr weitere Informationen!","inLanguage":"de-CH","potentialAction":[{"@type":"ReadAction","target":["https:\/\/www.olmiplast.ch\/de\/zuschneiden-von-verpackungen\/"]}]},{"@type":"WebSite","@id":"https:\/\/www.olmiplast.ch\/de\/#website","url":"https:\/\/www.olmiplast.ch\/de\/","name":"Olmiplast","description":"Fourre plastique, pochette et article de classement plastique","publisher":{"@id":"https:\/\/www.olmiplast.ch\/de\/#organization"},"potentialAction":[{"@type":"SearchAction","target":{"@type":"EntryPoint","urlTemplate":"https:\/\/www.olmiplast.ch\/de\/?s={search_term_string}"},"query-input":{"@type":"PropertyValueSpecification","valueRequired":true,"valueName":"search_term_string"}}],"inLanguage":"de-CH"},{"@type":"Organization","@id":"https:\/\/www.olmiplast.ch\/de\/#organization","name":"Olmiplast","url":"https:\/\/www.olmiplast.ch\/de\/","logo":{"@type":"ImageObject","inLanguage":"de-CH","@id":"https:\/\/www.olmiplast.ch\/de\/#\/schema\/logo\/image\/","url":"https:\/\/www.olmiplast.ch\/wp-content\/uploads\/2018\/06\/fabricant-emballage-plastique-souple-rigide.png","contentUrl":"https:\/\/www.olmiplast.ch\/wp-content\/uploads\/2018\/06\/fabricant-emballage-plastique-souple-rigide.png","width":207,"height":147,"caption":"Olmiplast"},"image":{"@id":"https:\/\/www.olmiplast.ch\/de\/#\/schema\/logo\/image\/"}}]}},"_links":{"self":[{"href":"https:\/\/www.olmiplast.ch\/de\/wp-json\/wp\/v2\/pages\/2518","targetHints":{"allow":["GET"]}}],"collection":[{"href":"https:\/\/www.olmiplast.ch\/de\/wp-json\/wp\/v2\/pages"}],"about":[{"href":"https:\/\/www.olmiplast.ch\/de\/wp-json\/wp\/v2\/types\/page"}],"author":[{"embeddable":true,"href":"https:\/\/www.olmiplast.ch\/de\/wp-json\/wp\/v2\/users\/1"}],"replies":[{"embeddable":true,"href":"https:\/\/www.olmiplast.ch\/de\/wp-json\/wp\/v2\/comments?post=2518"}],"version-history":[{"count":4,"href":"https:\/\/www.olmiplast.ch\/de\/wp-json\/wp\/v2\/pages\/2518\/revisions"}],"predecessor-version":[{"id":2952,"href":"https:\/\/www.olmiplast.ch\/de\/wp-json\/wp\/v2\/pages\/2518\/revisions\/2952"}],"wp:attachment":[{"href":"https:\/\/www.olmiplast.ch\/de\/wp-json\/wp\/v2\/media?parent=2518"}],"curies":[{"name":"wp","href":"https:\/\/api.w.org\/{rel}","templated":true}]}}