{"id":2500,"date":"2018-03-29T16:03:55","date_gmt":"2018-03-29T14:03:55","guid":{"rendered":"https:\/\/www.olmiplast.ch\/das-unternehmen\/"},"modified":"2024-01-10T09:00:49","modified_gmt":"2024-01-10T08:00:49","slug":"das-unternehmen","status":"publish","type":"page","link":"https:\/\/www.olmiplast.ch\/de\/das-unternehmen\/","title":{"rendered":"Das unternehmen"},"content":{"rendered":"<p>[vc_row full_width=&#187;stretch_row&#187; css=&#187;.vc_custom_1637338120804{margin-top: 20px !important;margin-bottom: 20px !important;background-position: center !important;background-repeat: no-repeat !important;background-size: cover !important;}&#187;][vc_column][vc_separator color=&#187;black&#187; el_width=&#187;60&#8243;][vc_column_text]<\/p>\n<h2 style=\"text-align: center;\">\u00dcber uns<\/h2>\n<p>[\/vc_column_text][vc_separator color=&#187;black&#187; el_width=&#187;60&#8243;][vc_column_text]<br \/>\nOlmiplast ist seit \u00fcber 40 Jahren auf dem Schweizer Markt etabliert ans\u00e4ssig und hat sich auf die Herstellung technischer Artikel aus hartem und weichem Kunststoff spezialisiert. Massfertigung ist unser Spezialgebiet. Wir begleiten Ihre Projekte und bieten Ihnen die optimale L\u00f6sung f\u00fcr Ihre Anforderungen an.<br \/>\n[\/vc_column_text][\/vc_column][\/vc_row][vc_row full_width=&#187;stretch_row_content&#187; equal_height=&#187;yes&#187;][vc_column width=&#187;1\/2&#8243;][vc_row_inner][vc_column_inner width=&#187;1\/3&#8243;][\/vc_column_inner][vc_column_inner width=&#187;2\/3&#8243;][vc_column_text]Unsere erfahrenen, optimal geschulten Teams \u00fcbernehmen f\u00fcr Sie innerhalb k\u00fcrzester Fristen Planung und Herstellung entsprechend Ihren Anforderungen. F\u00fcr wettbewerbsf\u00e4hige Preise werden wir allen Ihren Anspr\u00fcchen an die <b>Fertigung<\/b> auf einer <b>Vielzahl verschiedener Tr\u00e4ger<\/b> in kleinen und grossen Serien gerecht und bieten Ihnen Produkte und Dienstleistungen in gleichbleibend hoher Qualit\u00e4t.[\/vc_column_text][\/vc_column_inner][\/vc_row_inner][\/vc_column][vc_column width=&#187;1\/2&#8243;][vc_row_inner][vc_column_inner width=&#187;2\/3&#8243;][vc_column_text]Wir folgen der Innovation und erneuern unsere Produktionsmethoden und Herstellungswerkzeuge regelm\u00e4ssig. Im Laufe der Planungsphase stellen wir gerne Muster f\u00fcr Sie her, um Sie auf der Suche nach der optimalen L\u00f6sung f\u00fcr Ihre Anforderungen und Ihr Budget zu unterst\u00fctzen.[\/vc_column_text][\/vc_column_inner][vc_column_inner width=&#187;1\/3&#8243;][\/vc_column_inner][\/vc_row_inner][\/vc_column][\/vc_row][vc_row full_width=&#187;stretch_row&#187; css=&#187;.vc_custom_1637338177176{margin-top: 20px !important;margin-bottom: 0px !important;background-color: #52a7d9 !important;}&#187; el_class=&#187;txt-blanc&#187;][vc_column][vc_separator color=&#187;white&#187; el_width=&#187;60&#8243;][vc_column_text]<\/p>\n<h2 style=\"text-align: center;\">Unsere Geschichte<\/h2>\n<p>[\/vc_column_text][vc_separator color=&#187;white&#187; el_width=&#187;60&#8243;][\/vc_column][\/vc_row][vc_row full_width=&#187;stretch_row_content&#187; el_class=&#187;historique&#187;][vc_column][vc_row_inner content_placement=&#187;middle&#187;][vc_column_inner width=&#187;1\/2&#8243; css=&#187;.vc_custom_1637655243853{background-color: #71b9e2 !important;}&#187;][vc_column_text]<\/p>\n<h3 style=\"text-align: center;\">1986<\/h3>\n<p style=\"text-align: center;\">\u00dcbernahme einer Firma in Schwierigkeiten<\/p>\n<p>[\/vc_column_text][\/vc_column_inner][vc_column_inner width=&#187;1\/2&#8243;][vc_empty_space height=&#187;60px&#187;][\/vc_column_inner][\/vc_row_inner][vc_row_inner content_placement=&#187;middle&#187;][vc_column_inner width=&#187;1\/2&#8243; css=&#187;.vc_custom_1637655333036{background-color: #81c3ea !important;}&#187;][vc_column_text]<\/p>\n<h3 style=\"text-align: center;\">1996<\/h3>\n<p style=\"text-align: center;\">Kauf einer HF-Schweissanlage<\/p>\n<p>[\/vc_column_text][\/vc_column_inner][vc_column_inner width=&#187;1\/2&#8243;][vc_empty_space height=&#187;60px&#187;][\/vc_column_inner][\/vc_row_inner][vc_row_inner content_placement=&#187;middle&#187;][vc_column_inner width=&#187;1\/2&#8243; css=&#187;.vc_custom_1637655252848{background-color: #71b9e2 !important;}&#187;][vc_column_text]<\/p>\n<h3 style=\"text-align: center;\">2006<\/h3>\n<p style=\"text-align: center;\">Kauf einer HF-Schweissanlage<\/p>\n<p>[\/vc_column_text][\/vc_column_inner][vc_column_inner width=&#187;1\/2&#8243;][vc_empty_space height=&#187;60px&#187;][\/vc_column_inner][\/vc_row_inner][vc_row_inner content_placement=&#187;middle&#187;][vc_column_inner width=&#187;1\/2&#8243; css=&#187;.vc_custom_1637655327201{background-color: #81c3ea !important;}&#187;][vc_column_text]<\/p>\n<h3 style=\"text-align: center;\">2013<\/h3>\n<p style=\"text-align: center;\">Kauf einer HF-Schweissanlage<\/p>\n<p>[\/vc_column_text][\/vc_column_inner][vc_column_inner width=&#187;1\/2&#8243;][vc_empty_space height=&#187;60px&#187;][\/vc_column_inner][\/vc_row_inner][vc_row_inner content_placement=&#187;middle&#187;][vc_column_inner width=&#187;1\/2&#8243; css=&#187;.vc_custom_1637655258979{background-color: #71b9e2 !important;}&#187;][vc_column_text]<\/p>\n<h3 style=\"text-align: center;\">2014<\/h3>\n<p style=\"text-align: center;\">Kauf eines HF-Drehtischs mit 6 Posten<\/p>\n<p>[\/vc_column_text][\/vc_column_inner][vc_column_inner width=&#187;1\/2&#8243;][vc_empty_space height=&#187;60px&#187;][\/vc_column_inner][\/vc_row_inner][vc_row_inner content_placement=&#187;middle&#187;][vc_column_inner width=&#187;1\/2&#8243; css=&#187;.vc_custom_1637655298166{background-color: #81c3ea !important;}&#187;][vc_column_text]<\/p>\n<h3 style=\"text-align: center;\">2014<\/h3>\n<p style=\"text-align: center;\">Kauf digitaler Drucker f\u00fcr Rolle-zu-Rolle-Verfahren<\/p>\n<p>[\/vc_column_text][\/vc_column_inner][vc_column_inner width=&#187;1\/2&#8243;][vc_empty_space height=&#187;60px&#187;][\/vc_column_inner][\/vc_row_inner][vc_row_inner content_placement=&#187;middle&#187;][vc_column_inner width=&#187;1\/2&#8243; css=&#187;.vc_custom_1637655264894{background-color: #71b9e2 !important;}&#187;][vc_column_text]<\/p>\n<h3 style=\"text-align: center;\">2016<\/h3>\n<p style=\"text-align: center;\">\u00dcbernahme der Firma Macoplast<\/p>\n<p>[\/vc_column_text][\/vc_column_inner][vc_column_inner width=&#187;1\/2&#8243;][vc_empty_space height=&#187;60px&#187;][\/vc_column_inner][\/vc_row_inner][vc_row_inner content_placement=&#187;middle&#187;][vc_column_inner width=&#187;1\/2&#8243; css=&#187;.vc_custom_1637655292959{background-color: #81c3ea !important;}&#187;][vc_column_text]<\/p>\n<h3 style=\"text-align: center;\">2016<\/h3>\n<p style=\"text-align: center;\">Kauf einer HF-Schweissanlage<\/p>\n<p>[\/vc_column_text][\/vc_column_inner][vc_column_inner width=&#187;1\/2&#8243;][vc_empty_space height=&#187;60px&#187;][\/vc_column_inner][\/vc_row_inner][vc_row_inner content_placement=&#187;middle&#187;][vc_column_inner width=&#187;1\/2&#8243; css=&#187;.vc_custom_1637655279954{background-color: #71b9e2 !important;}&#187;][vc_column_text]<\/p>\n<h3 style=\"text-align: center;\">2018<\/h3>\n<p style=\"text-align: center;\">Kauf digitaler UV- und L\u00f6semitteldrucker<\/p>\n<p>[\/vc_column_text][\/vc_column_inner][vc_column_inner width=&#187;1\/2&#8243;][vc_empty_space height=&#187;60px&#187;][\/vc_column_inner][\/vc_row_inner][\/vc_column][\/vc_row]<\/p>\n","protected":false},"excerpt":{"rendered":"<p>[vc_row full_width=&#187;stretch_row&#187; css=&#187;.vc_custom_1637338120804{margin-top: 20px !important;margin-bottom: 20px !important;background-position: center !important;background-repeat: no-repeat !important;background-size: cover !important;}&#187;][vc_column][vc_separator color=&#187;black&#187; el_width=&#187;60&#8243;][vc_column_text] \u00dcber uns [\/vc_column_text][vc_separator color=&#187;black&#187; el_width=&#187;60&#8243;][vc_column_text] Olmiplast ist seit \u00fcber 40 Jahren<span class=\"excerpt-hellip\"> [\u2026]<\/span><\/p>\n","protected":false},"author":1,"featured_media":0,"parent":0,"menu_order":0,"comment_status":"closed","ping_status":"closed","template":"","meta":{"footnotes":""},"class_list":["post-2500","page","type-page","status-publish","hentry"],"yoast_head":"<!-- This site is optimized with the Yoast SEO plugin v27.4 - https:\/\/yoast.com\/product\/yoast-seo-wordpress\/ -->\n<title>Herstellung von Verpackungen und Kunststoffh\u00fcllen nach Mass, personalisierte Verpackungen<\/title>\n<meta name=\"description\" content=\"Die Firma Olmiplast hat ihren Sitz im Departement Rh\u00f4ne und hat sich auf die Herstellung technischer Artikel aus weichem Kunststoff spezialisiert. Kontaktieren Sie uns f\u00fcr weitere Informationen.\" \/>\n<meta name=\"robots\" content=\"index, follow, max-snippet:-1, max-image-preview:large, max-video-preview:-1\" \/>\n<link rel=\"canonical\" href=\"https:\/\/www.olmiplast.ch\/de\/das-unternehmen\/\" \/>\n<meta property=\"og:locale\" content=\"de_DE\" \/>\n<meta property=\"og:type\" content=\"article\" \/>\n<meta property=\"og:title\" content=\"Herstellung von Verpackungen und Kunststoffh\u00fcllen nach Mass, personalisierte Verpackungen\" \/>\n<meta property=\"og:description\" content=\"Die Firma Olmiplast hat ihren Sitz im Departement Rh\u00f4ne und hat sich auf die Herstellung technischer Artikel aus weichem Kunststoff spezialisiert. Kontaktieren Sie uns f\u00fcr weitere Informationen.\" \/>\n<meta property=\"og:url\" content=\"https:\/\/www.olmiplast.ch\/de\/das-unternehmen\/\" \/>\n<meta property=\"og:site_name\" content=\"Olmiplast\" \/>\n<meta property=\"article:modified_time\" content=\"2024-01-10T08:00:49+00:00\" \/>\n<meta name=\"twitter:card\" content=\"summary_large_image\" \/>\n<meta name=\"twitter:label1\" content=\"Gesch\u00e4tzte Lesezeit\" \/>\n\t<meta name=\"twitter:data1\" content=\"4\u00a0Minuten\" \/>\n<script type=\"application\/ld+json\" class=\"yoast-schema-graph\">{\"@context\":\"https:\\\/\\\/schema.org\",\"@graph\":[{\"@type\":\"WebPage\",\"@id\":\"https:\\\/\\\/www.olmiplast.ch\\\/de\\\/das-unternehmen\\\/\",\"url\":\"https:\\\/\\\/www.olmiplast.ch\\\/de\\\/das-unternehmen\\\/\",\"name\":\"Herstellung von Verpackungen und Kunststoffh\u00fcllen nach Mass, personalisierte Verpackungen\",\"isPartOf\":{\"@id\":\"https:\\\/\\\/www.olmiplast.ch\\\/de\\\/#website\"},\"datePublished\":\"2018-03-29T14:03:55+00:00\",\"dateModified\":\"2024-01-10T08:00:49+00:00\",\"description\":\"Die Firma Olmiplast hat ihren Sitz im Departement Rh\u00f4ne und hat sich auf die Herstellung technischer Artikel aus weichem Kunststoff spezialisiert. Kontaktieren Sie uns f\u00fcr weitere Informationen.\",\"inLanguage\":\"de-CH\",\"potentialAction\":[{\"@type\":\"ReadAction\",\"target\":[\"https:\\\/\\\/www.olmiplast.ch\\\/de\\\/das-unternehmen\\\/\"]}]},{\"@type\":\"WebSite\",\"@id\":\"https:\\\/\\\/www.olmiplast.ch\\\/de\\\/#website\",\"url\":\"https:\\\/\\\/www.olmiplast.ch\\\/de\\\/\",\"name\":\"Olmiplast\",\"description\":\"Fourre plastique, pochette et article de classement plastique\",\"publisher\":{\"@id\":\"https:\\\/\\\/www.olmiplast.ch\\\/de\\\/#organization\"},\"potentialAction\":[{\"@type\":\"SearchAction\",\"target\":{\"@type\":\"EntryPoint\",\"urlTemplate\":\"https:\\\/\\\/www.olmiplast.ch\\\/de\\\/?s={search_term_string}\"},\"query-input\":{\"@type\":\"PropertyValueSpecification\",\"valueRequired\":true,\"valueName\":\"search_term_string\"}}],\"inLanguage\":\"de-CH\"},{\"@type\":\"Organization\",\"@id\":\"https:\\\/\\\/www.olmiplast.ch\\\/de\\\/#organization\",\"name\":\"Olmiplast\",\"url\":\"https:\\\/\\\/www.olmiplast.ch\\\/de\\\/\",\"logo\":{\"@type\":\"ImageObject\",\"inLanguage\":\"de-CH\",\"@id\":\"https:\\\/\\\/www.olmiplast.ch\\\/de\\\/#\\\/schema\\\/logo\\\/image\\\/\",\"url\":\"https:\\\/\\\/www.olmiplast.ch\\\/wp-content\\\/uploads\\\/2018\\\/06\\\/fabricant-emballage-plastique-souple-rigide.png\",\"contentUrl\":\"https:\\\/\\\/www.olmiplast.ch\\\/wp-content\\\/uploads\\\/2018\\\/06\\\/fabricant-emballage-plastique-souple-rigide.png\",\"width\":207,\"height\":147,\"caption\":\"Olmiplast\"},\"image\":{\"@id\":\"https:\\\/\\\/www.olmiplast.ch\\\/de\\\/#\\\/schema\\\/logo\\\/image\\\/\"}}]}<\/script>\n<!-- \/ Yoast SEO plugin. -->","yoast_head_json":{"title":"Herstellung von Verpackungen und Kunststoffh\u00fcllen nach Mass, personalisierte Verpackungen","description":"Die Firma Olmiplast hat ihren Sitz im Departement Rh\u00f4ne und hat sich auf die Herstellung technischer Artikel aus weichem Kunststoff spezialisiert. Kontaktieren Sie uns f\u00fcr weitere Informationen.","robots":{"index":"index","follow":"follow","max-snippet":"max-snippet:-1","max-image-preview":"max-image-preview:large","max-video-preview":"max-video-preview:-1"},"canonical":"https:\/\/www.olmiplast.ch\/de\/das-unternehmen\/","og_locale":"de_DE","og_type":"article","og_title":"Herstellung von Verpackungen und Kunststoffh\u00fcllen nach Mass, personalisierte Verpackungen","og_description":"Die Firma Olmiplast hat ihren Sitz im Departement Rh\u00f4ne und hat sich auf die Herstellung technischer Artikel aus weichem Kunststoff spezialisiert. Kontaktieren Sie uns f\u00fcr weitere Informationen.","og_url":"https:\/\/www.olmiplast.ch\/de\/das-unternehmen\/","og_site_name":"Olmiplast","article_modified_time":"2024-01-10T08:00:49+00:00","twitter_card":"summary_large_image","twitter_misc":{"Gesch\u00e4tzte Lesezeit":"4\u00a0Minuten"},"schema":{"@context":"https:\/\/schema.org","@graph":[{"@type":"WebPage","@id":"https:\/\/www.olmiplast.ch\/de\/das-unternehmen\/","url":"https:\/\/www.olmiplast.ch\/de\/das-unternehmen\/","name":"Herstellung von Verpackungen und Kunststoffh\u00fcllen nach Mass, personalisierte Verpackungen","isPartOf":{"@id":"https:\/\/www.olmiplast.ch\/de\/#website"},"datePublished":"2018-03-29T14:03:55+00:00","dateModified":"2024-01-10T08:00:49+00:00","description":"Die Firma Olmiplast hat ihren Sitz im Departement Rh\u00f4ne und hat sich auf die Herstellung technischer Artikel aus weichem Kunststoff spezialisiert. Kontaktieren Sie uns f\u00fcr weitere Informationen.","inLanguage":"de-CH","potentialAction":[{"@type":"ReadAction","target":["https:\/\/www.olmiplast.ch\/de\/das-unternehmen\/"]}]},{"@type":"WebSite","@id":"https:\/\/www.olmiplast.ch\/de\/#website","url":"https:\/\/www.olmiplast.ch\/de\/","name":"Olmiplast","description":"Fourre plastique, pochette et article de classement plastique","publisher":{"@id":"https:\/\/www.olmiplast.ch\/de\/#organization"},"potentialAction":[{"@type":"SearchAction","target":{"@type":"EntryPoint","urlTemplate":"https:\/\/www.olmiplast.ch\/de\/?s={search_term_string}"},"query-input":{"@type":"PropertyValueSpecification","valueRequired":true,"valueName":"search_term_string"}}],"inLanguage":"de-CH"},{"@type":"Organization","@id":"https:\/\/www.olmiplast.ch\/de\/#organization","name":"Olmiplast","url":"https:\/\/www.olmiplast.ch\/de\/","logo":{"@type":"ImageObject","inLanguage":"de-CH","@id":"https:\/\/www.olmiplast.ch\/de\/#\/schema\/logo\/image\/","url":"https:\/\/www.olmiplast.ch\/wp-content\/uploads\/2018\/06\/fabricant-emballage-plastique-souple-rigide.png","contentUrl":"https:\/\/www.olmiplast.ch\/wp-content\/uploads\/2018\/06\/fabricant-emballage-plastique-souple-rigide.png","width":207,"height":147,"caption":"Olmiplast"},"image":{"@id":"https:\/\/www.olmiplast.ch\/de\/#\/schema\/logo\/image\/"}}]}},"_links":{"self":[{"href":"https:\/\/www.olmiplast.ch\/de\/wp-json\/wp\/v2\/pages\/2500","targetHints":{"allow":["GET"]}}],"collection":[{"href":"https:\/\/www.olmiplast.ch\/de\/wp-json\/wp\/v2\/pages"}],"about":[{"href":"https:\/\/www.olmiplast.ch\/de\/wp-json\/wp\/v2\/types\/page"}],"author":[{"embeddable":true,"href":"https:\/\/www.olmiplast.ch\/de\/wp-json\/wp\/v2\/users\/1"}],"replies":[{"embeddable":true,"href":"https:\/\/www.olmiplast.ch\/de\/wp-json\/wp\/v2\/comments?post=2500"}],"version-history":[{"count":5,"href":"https:\/\/www.olmiplast.ch\/de\/wp-json\/wp\/v2\/pages\/2500\/revisions"}],"predecessor-version":[{"id":3032,"href":"https:\/\/www.olmiplast.ch\/de\/wp-json\/wp\/v2\/pages\/2500\/revisions\/3032"}],"wp:attachment":[{"href":"https:\/\/www.olmiplast.ch\/de\/wp-json\/wp\/v2\/media?parent=2500"}],"curies":[{"name":"wp","href":"https:\/\/api.w.org\/{rel}","templated":true}]}}